{"id":1110,"date":"2023-11-17T10:19:19","date_gmt":"2023-11-17T10:19:19","guid":{"rendered":"https:\/\/proba.allatvedelmi-centrum.hu\/?page_id=1110"},"modified":"2024-09-30T17:54:14","modified_gmt":"2024-09-30T17:54:14","slug":"csapatunk","status":"publish","type":"page","link":"https:\/\/allatvedelmi-centrum.hu\/de\/csapatunk\/","title":{"rendered":"Team"},"content":{"rendered":"<div data-elementor-type=\"wp-page\" data-elementor-id=\"1110\" class=\"elementor elementor-1110\" data-elementor-post-type=\"page\">\n\t\t\t\t<div class=\"elementor-element elementor-element-6f3f180 e-con-full elementor-hidden-mobile e-flex e-con e-parent\" data-id=\"6f3f180\" data-element_type=\"container\" data-settings=\"{&quot;background_background&quot;:&quot;classic&quot;}\">\n\t\t\t\t<\/div>\n\t\t<div class=\"elementor-element elementor-element-5396ed7 e-flex e-con-boxed e-con e-parent\" data-id=\"5396ed7\" data-element_type=\"container\">\n\t\t\t\t\t<div class=\"e-con-inner\">\n\t\t<div class=\"elementor-element elementor-element-9877f9f e-con-full e-flex e-con e-child\" data-id=\"9877f9f\" data-element_type=\"container\">\n\t\t\t\t<div class=\"elementor-element elementor-element-6a092b8 elementor-widget elementor-widget-image\" data-id=\"6a092b8\" data-element_type=\"widget\" data-widget_type=\"image.default\">\n\t\t\t\t<div class=\"elementor-widget-container\">\n\t\t\t\t\t\t\t\t\t\t<figure class=\"wp-caption\">\n\t\t\t\t\t\t\t\t\t\t\t<a href=\"https:\/\/allatvedelmi-centrum.hu\/de\/gabor\/\">\n\t\t\t\t\t\t\t<img decoding=\"async\" src=\"https:\/\/allatvedelmi-centrum.hu\/wp-content\/uploads\/elementor\/thumbs\/IMG_7890-scaled-e1714930520846-qnq2ppt99nq3huxtt28ccsimo7u5wc32izpalzcgrk.jpg\" title=\"IMG_7890\" alt=\"IMG_7890\" loading=\"lazy\" \/>\t\t\t\t\t\t\t\t<\/a>\n\t\t\t\t\t\t\t\t\t\t\t<figcaption class=\"widget-image-caption wp-caption-text\">G\u00e1bor<\/figcaption>\n\t\t\t\t\t\t\t\t\t\t<\/figure>\n\t\t\t\t\t\t\t<\/div>\n\t\t\t\t<\/div>\n\t\t\t\t<\/div>\n\t\t<div class=\"elementor-element elementor-element-02c7684 e-con-full e-flex e-con e-child\" data-id=\"02c7684\" data-element_type=\"container\">\n\t\t\t\t<div class=\"elementor-element elementor-element-656c1e2 elementor-widget elementor-widget-image\" data-id=\"656c1e2\" data-element_type=\"widget\" data-widget_type=\"image.default\">\n\t\t\t\t<div class=\"elementor-widget-container\">\n\t\t\t\t\t\t\t\t\t\t<figure class=\"wp-caption\">\n\t\t\t\t\t\t\t\t\t\t\t<a href=\"https:\/\/allatvedelmi-centrum.hu\/de\/gabor-2\/\">\n\t\t\t\t\t\t\t<img decoding=\"async\" src=\"https:\/\/allatvedelmi-centrum.hu\/wp-content\/uploads\/elementor\/thumbs\/IMG_7855-scaled-e1714930492518-qnq2ozhryaq2gs022qusez5q1ffvwt6l3dfp68fhls.jpg\" title=\"IMG_7855\" alt=\"IMG_7855\" loading=\"lazy\" \/>\t\t\t\t\t\t\t\t<\/a>\n\t\t\t\t\t\t\t\t\t\t\t<figcaption class=\"widget-image-caption wp-caption-text\">Szamanta<\/figcaption>\n\t\t\t\t\t\t\t\t\t\t<\/figure>\n\t\t\t\t\t\t\t<\/div>\n\t\t\t\t<\/div>\n\t\t\t\t<\/div>\n\t\t<div class=\"elementor-element elementor-element-1db24a4 e-con-full e-flex e-con e-child\" data-id=\"1db24a4\" data-element_type=\"container\">\n\t\t\t\t<div class=\"elementor-element elementor-element-b4bd60a elementor-widget elementor-widget-image\" data-id=\"b4bd60a\" data-element_type=\"widget\" data-widget_type=\"image.default\">\n\t\t\t\t<div class=\"elementor-widget-container\">\n\t\t\t\t\t\t\t\t\t\t<figure class=\"wp-caption\">\n\t\t\t\t\t\t\t\t\t\t\t<a href=\"https:\/\/allatvedelmi-centrum.hu\/de\/timea\/\">\n\t\t\t\t\t\t\t<img decoding=\"async\" src=\"https:\/\/allatvedelmi-centrum.hu\/wp-content\/uploads\/elementor\/thumbs\/IMG_7840-scaled-e1714930453980-qnq2nyu2jrbvvzhb0t0c7qeqvegkkm51ybzrgfxucg.jpg\" title=\"IMG_7840\" alt=\"IMG_7840\" loading=\"lazy\" \/>\t\t\t\t\t\t\t\t<\/a>\n\t\t\t\t\t\t\t\t\t\t\t<figcaption class=\"widget-image-caption wp-caption-text\">Timea<\/figcaption>\n\t\t\t\t\t\t\t\t\t\t<\/figure>\n\t\t\t\t\t\t\t<\/div>\n\t\t\t\t<\/div>\n\t\t\t\t<\/div>\n\t\t<div class=\"elementor-element elementor-element-3e61fcf e-con-full e-flex e-con e-child\" data-id=\"3e61fcf\" data-element_type=\"container\">\n\t\t\t\t<div class=\"elementor-element elementor-element-369d281 elementor-widget elementor-widget-image\" data-id=\"369d281\" data-element_type=\"widget\" data-widget_type=\"image.default\">\n\t\t\t\t<div class=\"elementor-widget-container\">\n\t\t\t\t\t\t\t\t\t\t<figure class=\"wp-caption\">\n\t\t\t\t\t\t\t\t\t\t\t<a href=\"https:\/\/allatvedelmi-centrum.hu\/de\/gabor-3\/\">\n\t\t\t\t\t\t\t<img decoding=\"async\" src=\"https:\/\/allatvedelmi-centrum.hu\/wp-content\/uploads\/elementor\/thumbs\/IMG_7882-scaled-e1714930507213-qnq2pdlcst9daxfksey6ydlmy7ie49qk5b7zddul0g.jpg\" title=\"IMG_7882\" alt=\"IMG_7882\" loading=\"lazy\" \/>\t\t\t\t\t\t\t\t<\/a>\n\t\t\t\t\t\t\t\t\t\t\t<figcaption class=\"widget-image-caption wp-caption-text\">L\u00e1szl\u00f3<\/figcaption>\n\t\t\t\t\t\t\t\t\t\t<\/figure>\n\t\t\t\t\t\t\t<\/div>\n\t\t\t\t<\/div>\n\t\t\t\t<\/div>\n\t\t\t\t\t<\/div>\n\t\t\t\t<\/div>\n\t\t\t\t<\/div>","protected":false},"excerpt":{"rendered":"<p>G\u00e1bor Szamanta Timea L\u00e1szl\u00f3<\/p>","protected":false},"author":1,"featured_media":0,"parent":0,"menu_order":0,"comment_status":"closed","ping_status":"closed","template":"elementor_header_footer","meta":{"footnotes":""},"acf":[],"_wp_attached_file":null,"_wp_attachment_metadata":null,"_elementor_is_screenshot":null,"_elementor_source_image_hash":null,"_jet_sm_fonts_cache":null,"theplus_transient_widgets":null,"_filter_label":null,"_active_label":null,"_filter_type":null,"_date_source":null,"_is_hierarchical":null,"_ih_source_map":null,"_data_source":null,"_query_switcher_notice":null,"_query_builder_queries_to_switch":null,"_query_builder_query":null,"_query_builder_value_prop":null,"_query_builder_label_prop":null,"_cct_notice":null,"_rating_options":null,"_rating_compare_operand":null,"_source_taxonomy":null,"_terms_relational_operator":null,"_source_post_type":null,"_glossary_id":null,"_glossary_notice":null,"_add_all_option":null,"_all_option_label":null,"_ability_deselect_radio":null,"_show_empty_terms":null,"_only_child":null,"_group_by_parent":null,"_source_custom_field":null,"_source_get_from_field_data":null,"_custom_field_source_plugin":null,"_source_manual_input":null,"_color_image_type":null,"_query_builder_color_prop":null,"_query_builder_image_prop":null,"_color_image_behavior":null,"_source_color_image_input":null,"_source_manual_input_range":null,"_placeholder":null,"_s_placeholder":null,"_is_custom_checkbox":null,"_s_by":null,"_date_format":null,"_date_from_placeholder":null,"_date_to_placeholder":null,"_date_period_type":null,"_date_period_datepicker_button_text":null,"_min_max_date_period_enabled":null,"_min_date_period":null,"_max_date_period":null,"_date_period_start_end_enabled":null,"_date_period_format":null,"_date_period_start_format":null,"_date_period_separator":null,"_date_period_end_format":null,"_range_inputs_enabled":null,"_range_inputs_separators_enabled":null,"_values_prefix":null,"_values_suffix":null,"_values_thousand_sep":null,"_values_decimal_sep":null,"_values_decimal_num":null,"_source_min":null,"_source_max":null,"_source_step":null,"_source_callback":null,"_use_exclude_include":null,"_data_exclude_include":null,"_alphabet_behavior":null,"_alphabet_radio_deselect":null,"_alphabet_options":null,"_query_var":null,"_is_custom_query_var":null,"_custom_query_var":null,"_query_compare":null,"license":null,"_menu_item_type":null,"_menu_item_menu_item_parent":null,"_menu_item_object_id":null,"_menu_item_object":null,"_menu_item_target":null,"_menu_item_classes":null,"_menu_item_xfn":null,"_menu_item_url":null,"_yoast_wpseo_primary_category":null,"_pingme":null,"_encloseme":null,"_elementor_screenshot_failed":null,"_form":null,"_mail":null,"_mail_2":null,"_messages":null,"_additional_settings":null,"_locale":null,"_hash":null,"_edit_last":"1","_edit_lock":"1757670638:2","_wp_trash_meta_status":null,"_wp_trash_meta_time":null,"_wp_desired_post_slug":null,"_yoast_wpseo_estimated-reading-time-minutes":"1","_yoast_wpseo_wordproof_timestamp":"","_wpgb":{"permalink":"","post_format":"","attachment_id":"","gallery_ids":[],"mp3_url":null,"ogg_url":null,"mp4_url":null,"ogv_url":null,"webm_url":null,"embed_video_url":"","video_ratio":"16:9","columns":1,"rows":1,"content_background":"","overlay_background":"","content_color_scheme":"","overlay_color_scheme":""},"_elementor_edit_mode":"builder","_elementor_template_type":"wp-page","_elementor_version":"3.21.4","_elementor_pro_version":"3.21.2","_wp_page_template":"elementor_header_footer","_elementor_data":"[{\"id\":\"6f3f180\",\"elType\":\"container\",\"settings\":{\"flex_direction\":\"column\",\"content_width\":\"full\",\"min_height\":{\"unit\":\"px\",\"size\":500,\"sizes\":[]},\"background_background\":\"classic\",\"background_image\":{\"url\":\"https:\\\/\\\/allatvedelmi-centrum.hu\\\/wp-content\\\/uploads\\\/2024\\\/05\\\/IMG_7882-2-scaled.jpg\",\"id\":3274,\"size\":\"\",\"alt\":\"\",\"source\":\"library\"},\"background_position\":\"center center\",\"display_condition_list\":[{\"display_condition_login_status\":\"subscriber\",\"_id\":\"00712b9\"}],\"background_size_tablet\":\"cover\",\"hide_mobile\":\"hidden-mobile\"},\"elements\":[],\"isInner\":false},{\"id\":\"5396ed7\",\"elType\":\"container\",\"settings\":{\"flex_direction\":\"row\",\"flex_gap\":{\"unit\":\"px\",\"size\":0,\"column\":\"0\",\"row\":\"0\"},\"display_condition_list\":[{\"display_condition_login_status\":\"subscriber\",\"_id\":\"e6654a2\"}]},\"elements\":[{\"id\":\"9877f9f\",\"elType\":\"container\",\"settings\":{\"flex_direction\":\"column\",\"content_width\":\"full\",\"width\":{\"unit\":\"%\",\"size\":\"25\"},\"display_condition_list\":[{\"display_condition_login_status\":\"subscriber\",\"_id\":\"a2169c4\"}]},\"elements\":[{\"id\":\"6a092b8\",\"elType\":\"widget\",\"settings\":{\"image\":{\"url\":\"https:\\\/\\\/allatvedelmi-centrum.hu\\\/wp-content\\\/uploads\\\/2024\\\/05\\\/IMG_7890-scaled-e1714930520846.jpg\",\"id\":3272,\"size\":\"\",\"alt\":\"\",\"source\":\"library\"},\"image_size\":\"custom\",\"image_custom_dimension\":{\"width\":\"800\",\"height\":\"1200\"},\"caption_source\":\"custom\",\"caption\":\"G\\u00e1bor\",\"caption_align\":\"center\",\"caption_typography_typography\":\"custom\",\"caption_typography_font_family\":\"Noto Serif\",\"caption_typography_font_size\":{\"unit\":\"px\",\"size\":27,\"sizes\":[]},\"caption_typography_font_weight\":\"600\",\"display_condition_list\":[{\"display_condition_login_status\":\"subscriber\",\"_id\":\"6f92233\"}],\"__globals__\":{\"text_color\":\"globals\\\/colors?id=3438d06\"},\"link_to\":\"custom\",\"link\":{\"url\":\"https:\\\/\\\/allatvedelmi-centrum.hu\\\/gabor\\\/\",\"is_external\":\"\",\"nofollow\":\"\",\"custom_attributes\":\"\"}},\"elements\":[],\"widgetType\":\"image\"}],\"isInner\":true},{\"id\":\"02c7684\",\"elType\":\"container\",\"settings\":{\"flex_direction\":\"column\",\"content_width\":\"full\",\"width\":{\"unit\":\"%\",\"size\":\"25\"},\"display_condition_list\":[{\"display_condition_login_status\":\"subscriber\",\"_id\":\"02e21d3\"}]},\"elements\":[{\"id\":\"656c1e2\",\"elType\":\"widget\",\"settings\":{\"image\":{\"url\":\"https:\\\/\\\/allatvedelmi-centrum.hu\\\/wp-content\\\/uploads\\\/2024\\\/05\\\/IMG_7855-scaled-e1714930492518.jpg\",\"id\":3275,\"size\":\"\",\"alt\":\"\",\"source\":\"library\"},\"image_size\":\"custom\",\"image_custom_dimension\":{\"width\":\"800\",\"height\":\"1200\"},\"caption_source\":\"custom\",\"caption\":\"Szamanta\",\"caption_typography_typography\":\"custom\",\"caption_typography_font_family\":\"Noto Serif\",\"caption_typography_font_size\":{\"unit\":\"px\",\"size\":27,\"sizes\":[]},\"caption_typography_font_weight\":\"600\",\"display_condition_list\":[{\"display_condition_login_status\":\"subscriber\",\"_id\":\"9cd9a83\"}],\"__globals__\":{\"text_color\":\"globals\\\/colors?id=3438d06\"},\"link_to\":\"custom\",\"link\":{\"url\":\"https:\\\/\\\/allatvedelmi-centrum.hu\\\/gabor-2\\\/\",\"is_external\":\"\",\"nofollow\":\"\",\"custom_attributes\":\"\"}},\"elements\":[],\"widgetType\":\"image\"}],\"isInner\":true},{\"id\":\"1db24a4\",\"elType\":\"container\",\"settings\":{\"flex_direction\":\"column\",\"content_width\":\"full\",\"width\":{\"unit\":\"%\",\"size\":\"25\"},\"display_condition_list\":[{\"display_condition_login_status\":\"subscriber\",\"_id\":\"7f0a410\"}]},\"elements\":[{\"id\":\"b4bd60a\",\"elType\":\"widget\",\"settings\":{\"image\":{\"url\":\"https:\\\/\\\/allatvedelmi-centrum.hu\\\/wp-content\\\/uploads\\\/2024\\\/05\\\/IMG_7840-scaled-e1714930453980.jpg\",\"id\":3276,\"size\":\"\",\"alt\":\"\",\"source\":\"library\"},\"image_size\":\"custom\",\"image_custom_dimension\":{\"width\":\"800\",\"height\":\"1200\"},\"caption_source\":\"custom\",\"caption\":\"Timea\",\"caption_typography_typography\":\"custom\",\"caption_typography_font_family\":\"Noto Serif\",\"caption_typography_font_size\":{\"unit\":\"px\",\"size\":27,\"sizes\":[]},\"caption_typography_font_weight\":\"600\",\"display_condition_list\":[{\"display_condition_login_status\":\"subscriber\",\"_id\":\"e77e70f\"}],\"__globals__\":{\"text_color\":\"globals\\\/colors?id=3438d06\"},\"link_to\":\"custom\",\"link\":{\"url\":\"https:\\\/\\\/allatvedelmi-centrum.hu\\\/timea\\\/\",\"is_external\":\"\",\"nofollow\":\"\",\"custom_attributes\":\"\"}},\"elements\":[],\"widgetType\":\"image\"}],\"isInner\":true},{\"id\":\"3e61fcf\",\"elType\":\"container\",\"settings\":{\"flex_direction\":\"column\",\"content_width\":\"full\",\"width\":{\"unit\":\"%\",\"size\":\"25\"},\"display_condition_list\":[{\"display_condition_login_status\":\"subscriber\",\"_id\":\"b7c9a0a\"}]},\"elements\":[{\"id\":\"369d281\",\"elType\":\"widget\",\"settings\":{\"image\":{\"url\":\"https:\\\/\\\/allatvedelmi-centrum.hu\\\/wp-content\\\/uploads\\\/2024\\\/05\\\/IMG_7882-scaled-e1714930507213.jpg\",\"id\":3273,\"size\":\"\",\"alt\":\"\",\"source\":\"library\"},\"image_size\":\"custom\",\"image_custom_dimension\":{\"width\":\"800\",\"height\":\"1200\"},\"caption_source\":\"custom\",\"caption\":\"L\\u00e1szl\\u00f3\",\"caption_typography_typography\":\"custom\",\"caption_typography_font_family\":\"Noto Serif\",\"caption_typography_font_size\":{\"unit\":\"px\",\"size\":27,\"sizes\":[]},\"caption_typography_font_weight\":\"600\",\"display_condition_list\":[{\"display_condition_login_status\":\"subscriber\",\"_id\":\"7d37479\"}],\"__globals__\":{\"text_color\":\"globals\\\/colors?id=3438d06\"},\"link_to\":\"custom\",\"link\":{\"url\":\"https:\\\/\\\/allatvedelmi-centrum.hu\\\/gabor-3\\\/\",\"is_external\":\"\",\"nofollow\":\"\",\"custom_attributes\":\"\"}},\"elements\":[],\"widgetType\":\"image\"}],\"isInner\":true}],\"isInner\":false}]","_elementor_page_assets":{"styles":["widget-image"]},"_yoast_wpseo_content_score":null,"_elementor_css":{"time":1775318543,"fonts":["Noto Serif"],"icons":[],"dynamic_elements_ids":[],"status":"file","0":""},"_elementor_page_settings":null,"_elementor_source":null,"_elementor_conditions":null,"_elementor_screenshot":null,"Ivara":null,"kora":null,"sz\u00edne":null,"ivartalanitott":null,"magasaga":null,"kutya_szama":null,"nemet leiras":null,"_thumbnail_id":null,"nemet_bemutato":null,"yoast_head":"<!-- This site is optimized with the Yoast SEO Premium plugin v22.6 (Yoast SEO v22.6) - https:\/\/yoast.com\/wordpress\/plugins\/seo\/ -->\n<title>Csapatunk - \u00c1llatv\u00e9delmi-centrum<\/title>\n<meta name=\"robots\" content=\"index, follow, max-snippet:-1, max-image-preview:large, max-video-preview:-1\" \/>\n<link rel=\"canonical\" href=\"https:\/\/allatvedelmi-centrum.hu\/de\/csapatunk\/\" \/>\n<meta property=\"og:locale\" content=\"de_DE\" \/>\n<meta property=\"og:type\" content=\"article\" \/>\n<meta property=\"og:title\" content=\"Csapatunk\" \/>\n<meta property=\"og:description\" content=\"G\u00e1bor Szamanta Timea L\u00e1szl\u00f3\" \/>\n<meta property=\"og:url\" content=\"https:\/\/allatvedelmi-centrum.hu\/de\/csapatunk\/\" \/>\n<meta property=\"og:site_name\" content=\"\u00c1llatv\u00e9delmi-centrum\" \/>\n<meta property=\"article:modified_time\" content=\"2024-09-30T17:54:14+00:00\" \/>\n<meta property=\"og:image\" content=\"https:\/\/allatvedelmi-centrum.hu\/wp-content\/uploads\/elementor\/thumbs\/IMG_7890-scaled-e1714930520846-qnq2ppt99nq3huxtt28ccsimo7u5wc32izpalzcgrk.jpg\" \/>\n<meta name=\"twitter:card\" content=\"summary_large_image\" \/>\n<meta name=\"twitter:label1\" content=\"Gesch\u00e4tzte Lesezeit\" \/>\n\t<meta name=\"twitter:data1\" content=\"1 Minute\" \/>\n<script type=\"application\/ld+json\" class=\"yoast-schema-graph\">{\"@context\":\"https:\/\/schema.org\",\"@graph\":[{\"@type\":\"WebPage\",\"@id\":\"https:\/\/allatvedelmi-centrum.hu\/csapatunk\/\",\"url\":\"https:\/\/allatvedelmi-centrum.hu\/csapatunk\/\",\"name\":\"Csapatunk - \u00c1llatv\u00e9delmi-centrum\",\"isPartOf\":{\"@id\":\"https:\/\/allatvedelmi-centrum.hu\/#website\"},\"primaryImageOfPage\":{\"@id\":\"https:\/\/allatvedelmi-centrum.hu\/csapatunk\/#primaryimage\"},\"image\":{\"@id\":\"https:\/\/allatvedelmi-centrum.hu\/csapatunk\/#primaryimage\"},\"thumbnailUrl\":\"https:\/\/allatvedelmi-centrum.hu\/wp-content\/uploads\/elementor\/thumbs\/IMG_7890-scaled-e1714930520846-qnq2ppt99nq3huxtt28ccsimo7u5wc32izpalzcgrk.jpg\",\"datePublished\":\"2023-11-17T10:19:19+00:00\",\"dateModified\":\"2024-09-30T17:54:14+00:00\",\"breadcrumb\":{\"@id\":\"https:\/\/allatvedelmi-centrum.hu\/csapatunk\/#breadcrumb\"},\"inLanguage\":\"de-DE\",\"potentialAction\":[{\"@type\":\"ReadAction\",\"target\":[\"https:\/\/allatvedelmi-centrum.hu\/csapatunk\/\"]}]},{\"@type\":\"ImageObject\",\"inLanguage\":\"de-DE\",\"@id\":\"https:\/\/allatvedelmi-centrum.hu\/csapatunk\/#primaryimage\",\"url\":\"https:\/\/allatvedelmi-centrum.hu\/wp-content\/uploads\/elementor\/thumbs\/IMG_7890-scaled-e1714930520846-qnq2ppt99nq3huxtt28ccsimo7u5wc32izpalzcgrk.jpg\",\"contentUrl\":\"https:\/\/allatvedelmi-centrum.hu\/wp-content\/uploads\/elementor\/thumbs\/IMG_7890-scaled-e1714930520846-qnq2ppt99nq3huxtt28ccsimo7u5wc32izpalzcgrk.jpg\"},{\"@type\":\"BreadcrumbList\",\"@id\":\"https:\/\/allatvedelmi-centrum.hu\/csapatunk\/#breadcrumb\",\"itemListElement\":[{\"@type\":\"ListItem\",\"position\":1,\"name\":\"Kezd\u0151lap\",\"item\":\"https:\/\/allatvedelmi-centrum.hu\/\"},{\"@type\":\"ListItem\",\"position\":2,\"name\":\"Csapatunk\"}]},{\"@type\":\"WebSite\",\"@id\":\"https:\/\/allatvedelmi-centrum.hu\/#website\",\"url\":\"https:\/\/allatvedelmi-centrum.hu\/\",\"name\":\"\u00c1llatv\u00e9delmi-centrum\",\"description\":\"\",\"publisher\":{\"@id\":\"https:\/\/allatvedelmi-centrum.hu\/#organization\"},\"potentialAction\":[{\"@type\":\"SearchAction\",\"target\":{\"@type\":\"EntryPoint\",\"urlTemplate\":\"https:\/\/allatvedelmi-centrum.hu\/?s={search_term_string}\"},\"query-input\":\"required name=search_term_string\"}],\"inLanguage\":\"de-DE\"},{\"@type\":\"Organization\",\"@id\":\"https:\/\/allatvedelmi-centrum.hu\/#organization\",\"name\":\"\u00c1llatv\u00e9delmi-centrum\",\"url\":\"https:\/\/allatvedelmi-centrum.hu\/\",\"logo\":{\"@type\":\"ImageObject\",\"inLanguage\":\"de-DE\",\"@id\":\"https:\/\/allatvedelmi-centrum.hu\/#\/schema\/logo\/image\/\",\"url\":\"https:\/\/allatvedelmi-centrum.hu\/wp-content\/uploads\/2023\/10\/logo-x-1.jpg\",\"contentUrl\":\"https:\/\/allatvedelmi-centrum.hu\/wp-content\/uploads\/2023\/10\/logo-x-1.jpg\",\"width\":1701,\"height\":425,\"caption\":\"\u00c1llatv\u00e9delmi-centrum\"},\"image\":{\"@id\":\"https:\/\/allatvedelmi-centrum.hu\/#\/schema\/logo\/image\/\"}}]}<\/script>\n<!-- \/ Yoast SEO Premium plugin. -->","yoast_head_json":{"title":"Csapatunk - \u00c1llatv\u00e9delmi-centrum","robots":{"index":"index","follow":"follow","max-snippet":"max-snippet:-1","max-image-preview":"max-image-preview:large","max-video-preview":"max-video-preview:-1"},"canonical":"https:\/\/allatvedelmi-centrum.hu\/de\/csapatunk\/","og_locale":"de_DE","og_type":"article","og_title":"Csapatunk","og_description":"G\u00e1bor Szamanta Timea L\u00e1szl\u00f3","og_url":"https:\/\/allatvedelmi-centrum.hu\/de\/csapatunk\/","og_site_name":"\u00c1llatv\u00e9delmi-centrum","article_modified_time":"2024-09-30T17:54:14+00:00","og_image":[{"url":"https:\/\/allatvedelmi-centrum.hu\/wp-content\/uploads\/elementor\/thumbs\/IMG_7890-scaled-e1714930520846-qnq2ppt99nq3huxtt28ccsimo7u5wc32izpalzcgrk.jpg"}],"twitter_card":"summary_large_image","twitter_misc":{"Gesch\u00e4tzte Lesezeit":"1 Minute"},"schema":{"@context":"https:\/\/schema.org","@graph":[{"@type":"WebPage","@id":"https:\/\/allatvedelmi-centrum.hu\/csapatunk\/","url":"https:\/\/allatvedelmi-centrum.hu\/csapatunk\/","name":"Csapatunk - \u00c1llatv\u00e9delmi-centrum","isPartOf":{"@id":"https:\/\/allatvedelmi-centrum.hu\/#website"},"primaryImageOfPage":{"@id":"https:\/\/allatvedelmi-centrum.hu\/csapatunk\/#primaryimage"},"image":{"@id":"https:\/\/allatvedelmi-centrum.hu\/csapatunk\/#primaryimage"},"thumbnailUrl":"https:\/\/allatvedelmi-centrum.hu\/wp-content\/uploads\/elementor\/thumbs\/IMG_7890-scaled-e1714930520846-qnq2ppt99nq3huxtt28ccsimo7u5wc32izpalzcgrk.jpg","datePublished":"2023-11-17T10:19:19+00:00","dateModified":"2024-09-30T17:54:14+00:00","breadcrumb":{"@id":"https:\/\/allatvedelmi-centrum.hu\/csapatunk\/#breadcrumb"},"inLanguage":"de-DE","potentialAction":[{"@type":"ReadAction","target":["https:\/\/allatvedelmi-centrum.hu\/csapatunk\/"]}]},{"@type":"ImageObject","inLanguage":"de-DE","@id":"https:\/\/allatvedelmi-centrum.hu\/csapatunk\/#primaryimage","url":"https:\/\/allatvedelmi-centrum.hu\/wp-content\/uploads\/elementor\/thumbs\/IMG_7890-scaled-e1714930520846-qnq2ppt99nq3huxtt28ccsimo7u5wc32izpalzcgrk.jpg","contentUrl":"https:\/\/allatvedelmi-centrum.hu\/wp-content\/uploads\/elementor\/thumbs\/IMG_7890-scaled-e1714930520846-qnq2ppt99nq3huxtt28ccsimo7u5wc32izpalzcgrk.jpg"},{"@type":"BreadcrumbList","@id":"https:\/\/allatvedelmi-centrum.hu\/csapatunk\/#breadcrumb","itemListElement":[{"@type":"ListItem","position":1,"name":"Kezd\u0151lap","item":"https:\/\/allatvedelmi-centrum.hu\/"},{"@type":"ListItem","position":2,"name":"Csapatunk"}]},{"@type":"WebSite","@id":"https:\/\/allatvedelmi-centrum.hu\/#website","url":"https:\/\/allatvedelmi-centrum.hu\/","name":"\u00c1llatv\u00e9delmi-centrum","description":"","publisher":{"@id":"https:\/\/allatvedelmi-centrum.hu\/#organization"},"potentialAction":[{"@type":"SearchAction","target":{"@type":"EntryPoint","urlTemplate":"https:\/\/allatvedelmi-centrum.hu\/?s={search_term_string}"},"query-input":"required name=search_term_string"}],"inLanguage":"de-DE"},{"@type":"Organization","@id":"https:\/\/allatvedelmi-centrum.hu\/#organization","name":"\u00c1llatv\u00e9delmi-centrum","url":"https:\/\/allatvedelmi-centrum.hu\/","logo":{"@type":"ImageObject","inLanguage":"de-DE","@id":"https:\/\/allatvedelmi-centrum.hu\/#\/schema\/logo\/image\/","url":"https:\/\/allatvedelmi-centrum.hu\/wp-content\/uploads\/2023\/10\/logo-x-1.jpg","contentUrl":"https:\/\/allatvedelmi-centrum.hu\/wp-content\/uploads\/2023\/10\/logo-x-1.jpg","width":1701,"height":425,"caption":"\u00c1llatv\u00e9delmi-centrum"},"image":{"@id":"https:\/\/allatvedelmi-centrum.hu\/#\/schema\/logo\/image\/"}}]}},"_links":{"self":[{"href":"https:\/\/allatvedelmi-centrum.hu\/de\/wp-json\/wp\/v2\/pages\/1110"}],"collection":[{"href":"https:\/\/allatvedelmi-centrum.hu\/de\/wp-json\/wp\/v2\/pages"}],"about":[{"href":"https:\/\/allatvedelmi-centrum.hu\/de\/wp-json\/wp\/v2\/types\/page"}],"author":[{"embeddable":true,"href":"https:\/\/allatvedelmi-centrum.hu\/de\/wp-json\/wp\/v2\/users\/1"}],"replies":[{"embeddable":true,"href":"https:\/\/allatvedelmi-centrum.hu\/de\/wp-json\/wp\/v2\/comments?post=1110"}],"version-history":[{"count":19,"href":"https:\/\/allatvedelmi-centrum.hu\/de\/wp-json\/wp\/v2\/pages\/1110\/revisions"}],"predecessor-version":[{"id":4134,"href":"https:\/\/allatvedelmi-centrum.hu\/de\/wp-json\/wp\/v2\/pages\/1110\/revisions\/4134"}],"wp:attachment":[{"href":"https:\/\/allatvedelmi-centrum.hu\/de\/wp-json\/wp\/v2\/media?parent=1110"}],"curies":[{"name":"wp","href":"https:\/\/api.w.org\/{rel}","templated":true}]}}