{"id":4100,"date":"2024-09-30T17:22:04","date_gmt":"2024-09-30T17:22:04","guid":{"rendered":"https:\/\/allatvedelmi-centrum.hu\/?page_id=4100"},"modified":"2024-10-01T08:41:34","modified_gmt":"2024-10-01T08:41:34","slug":"gabor","status":"publish","type":"page","link":"https:\/\/allatvedelmi-centrum.hu\/de\/gabor\/","title":{"rendered":"G\u00e1bor"},"content":{"rendered":"<div data-elementor-type=\"wp-page\" data-elementor-id=\"4100\" class=\"elementor elementor-4100\" data-elementor-post-type=\"page\">\n\t\t\t\t<div class=\"elementor-element elementor-element-208b573 e-con-full e-flex e-con e-parent\" data-id=\"208b573\" data-element_type=\"container\">\n\t\t<div class=\"elementor-element elementor-element-84da339 e-con-full e-flex e-con e-child\" data-id=\"84da339\" data-element_type=\"container\" data-settings=\"{&quot;background_background&quot;:&quot;classic&quot;}\">\n\t\t\t\t<\/div>\n\t\t<div class=\"elementor-element elementor-element-eb7adc0 e-con-full e-flex e-con e-child\" data-id=\"eb7adc0\" data-element_type=\"container\">\n\t\t\t\t<div class=\"elementor-element elementor-element-c4848ad elementor-widget elementor-widget-heading\" data-id=\"c4848ad\" data-element_type=\"widget\" data-widget_type=\"heading.default\">\n\t\t\t\t<div class=\"elementor-widget-container\">\n\t\t\t<h2 class=\"elementor-heading-title elementor-size-default\">G\u00e1bor<\/h2>\t\t<\/div>\n\t\t\t\t<\/div>\n\t\t\t\t<div class=\"elementor-element elementor-element-bb5c9a3 elementor-widget elementor-widget-text-editor\" data-id=\"bb5c9a3\" data-element_type=\"widget\" data-widget_type=\"text-editor.default\">\n\t\t\t\t<div class=\"elementor-widget-container\">\n\t\t\t\t\t\t\t<p>Vor 30 Jahren begann ich mit meinem ersten Hund, einem gew\u00f6hnlichen Familienhund. Da das Zusammenleben anfangs sehr schwierig war, stieg ich recht fr\u00fch in den Hundesport und in die Verhaltenstherapie ein.<\/p>\n<p><\/p>\n<p><br><\/p><p>Anschlie\u00dfend absolvierte ich aus reinem Interesse zahlreiche Kurse und Weiterbildungen in den Bereichen Hundetraining und Verhaltenstherapie.&nbsp;<\/p>\n<p><br><\/p><p>Als ich vor 20 Jahren nach Ungarn zur\u00fcckkehrte, wurde ich von einem lokalen Radiosender in eine Live-Sendung eingeladen, um telefonische Tipps zur Hundeerziehung zu geben.<\/p><p><br><\/p>\n<p><\/p>\n<p>Ich lernte damals den Leiter eines Tierheims in Kecskem\u00e9t kennen. Drei deutsche Damen besuchten das Tierheim und baten mich, sie zu begleiten, damit die Sprachbarriere leichter \u00fcberwunden werden konnte. Obwohl ich noch nie in einem ungarischen Tierheim gearbeitet hatte, wollte ich kurzzeitig helfen. Deshalb sagte ich zu und \u00fcbernahm die Rolle des Dolmetschers.<\/p><p><br><\/p>\n<p>Das war mein erster Kontakt mit dem Tierschutz. Diese Erfahrung und der damalige Zustand des Tierheims schockierten mich so sehr, dass ich beschloss: Entweder halte ich mich k\u00fcnftig vom Tierschutz fern, oder ich muss helfen.&nbsp;<span style=\"color: var( --e-global-color-text ); font-family: var( --e-global-typography-text-font-family ); font-weight: var( --e-global-typography-text-font-weight ); text-align: var(--text-align); font-size: var(--global--font-size-base);\">Das geschah im Sommer 2005.&nbsp;<\/span><\/p><p><span style=\"color: var( --e-global-color-text ); font-family: var( --e-global-typography-text-font-family ); font-weight: var( --e-global-typography-text-font-weight ); text-align: var(--text-align); font-size: var(--global--font-size-base);\">Aus diesem Treffen wurde 2007 der deutsche Verein Pfotenhilfe Ungarn e.V. gegr\u00fcndet.<\/span><\/p>\t\t\t\t\t\t<\/div>\n\t\t\t\t<\/div>\n\t\t\t\t<\/div>\n\t\t\t\t<\/div>\n\t\t\t\t<\/div>","protected":false},"excerpt":{"rendered":"<p>G\u00e1bor 30 \u00e9vvel ezel\u0151tt az els\u0151 kuty\u00e1mmal, egy sima csal\u00e1di kuty\u00e1val kezdtem. Mivel az egy\u00fctt\u00e9l\u00e9s eleinte nagyon neh\u00e9z volt, el\u00e9g kor\u00e1n belecs\u00f6ppentem a kutya sportba \u00e9s a viselked\u00e9ster\u00e1piaba. Ezut\u00e1n puszt\u00e1n \u00e9rdekl\u0151d\u00e9sb\u0151l sz\u00e1mos tanfolyamot \u00e9s tov\u00e1bbk\u00e9pz\u00e9st v\u00e9geztem kutyakik\u00e9pz\u0151 \u00e9s viselked\u00e9sterapeuta ir\u00e1nyban.&nbsp; Amikor 20 \u00e9vvel ezel\u0151tt visszat\u00e9rtem Magyarorsz\u00e1gra, megh\u00edvtak egy helyi r\u00e1di\u00f3ba, egy \u00e9l\u0151 m\u0171sorba, hogy telefonos&hellip; <a class=\"more-link\" href=\"https:\/\/allatvedelmi-centrum.hu\/de\/gabor\/\"><span class=\"screen-reader-text\">G\u00e1bor<\/span> weiterlesen<\/a><\/p>","protected":false},"author":1,"featured_media":0,"parent":0,"menu_order":0,"comment_status":"closed","ping_status":"closed","template":"elementor_header_footer","meta":{"footnotes":""},"acf":[],"_wp_attached_file":null,"_wp_attachment_metadata":null,"_elementor_is_screenshot":null,"_elementor_source_image_hash":null,"_jet_sm_fonts_cache":null,"theplus_transient_widgets":null,"_filter_label":null,"_active_label":null,"_filter_type":null,"_date_source":null,"_is_hierarchical":null,"_ih_source_map":null,"_data_source":null,"_query_switcher_notice":null,"_query_builder_queries_to_switch":null,"_query_builder_query":null,"_query_builder_value_prop":null,"_query_builder_label_prop":null,"_cct_notice":null,"_rating_options":null,"_rating_compare_operand":null,"_source_taxonomy":null,"_terms_relational_operator":null,"_source_post_type":null,"_glossary_id":null,"_glossary_notice":null,"_add_all_option":null,"_all_option_label":null,"_ability_deselect_radio":null,"_show_empty_terms":null,"_only_child":null,"_group_by_parent":null,"_source_custom_field":null,"_source_get_from_field_data":null,"_custom_field_source_plugin":null,"_source_manual_input":null,"_color_image_type":null,"_query_builder_color_prop":null,"_query_builder_image_prop":null,"_color_image_behavior":null,"_source_color_image_input":null,"_source_manual_input_range":null,"_placeholder":null,"_s_placeholder":null,"_is_custom_checkbox":null,"_s_by":null,"_date_format":null,"_date_from_placeholder":null,"_date_to_placeholder":null,"_date_period_type":null,"_date_period_datepicker_button_text":null,"_min_max_date_period_enabled":null,"_min_date_period":null,"_max_date_period":null,"_date_period_start_end_enabled":null,"_date_period_format":null,"_date_period_start_format":null,"_date_period_separator":null,"_date_period_end_format":null,"_range_inputs_enabled":null,"_range_inputs_separators_enabled":null,"_values_prefix":null,"_values_suffix":null,"_values_thousand_sep":null,"_values_decimal_sep":null,"_values_decimal_num":null,"_source_min":null,"_source_max":null,"_source_step":null,"_source_callback":null,"_use_exclude_include":null,"_data_exclude_include":null,"_alphabet_behavior":null,"_alphabet_radio_deselect":null,"_alphabet_options":null,"_query_var":null,"_is_custom_query_var":null,"_custom_query_var":null,"_query_compare":null,"license":null,"_menu_item_type":null,"_menu_item_menu_item_parent":null,"_menu_item_object_id":null,"_menu_item_object":null,"_menu_item_target":null,"_menu_item_classes":null,"_menu_item_xfn":null,"_menu_item_url":null,"_yoast_wpseo_primary_category":null,"_pingme":null,"_encloseme":null,"_elementor_screenshot_failed":null,"_form":null,"_mail":null,"_mail_2":null,"_messages":null,"_additional_settings":null,"_locale":null,"_hash":null,"_edit_last":"1","_edit_lock":"1757670461:2","_wp_trash_meta_status":null,"_wp_trash_meta_time":null,"_wp_desired_post_slug":null,"_yoast_wpseo_estimated-reading-time-minutes":"1","_yoast_wpseo_wordproof_timestamp":"","_wpgb":{"permalink":"","post_format":"","attachment_id":"","gallery_ids":[],"mp3_url":null,"ogg_url":null,"mp4_url":null,"ogv_url":null,"webm_url":null,"embed_video_url":"","video_ratio":"16:9","columns":1,"rows":1,"content_background":"","overlay_background":"","content_color_scheme":"","overlay_color_scheme":""},"_elementor_edit_mode":"builder","_elementor_template_type":"wp-page","_elementor_version":"3.21.4","_elementor_pro_version":"3.21.2","_wp_page_template":"elementor_header_footer","_elementor_data":"[{\"id\":\"208b573\",\"elType\":\"container\",\"settings\":{\"flex_direction\":\"row\",\"flex_gap\":{\"unit\":\"px\",\"size\":0,\"column\":\"0\",\"row\":\"0\"},\"content_width\":\"full\",\"flex_justify_content\":\"center\",\"display_condition_list\":[{\"display_condition_login_status\":\"subscriber\",\"_id\":\"694f665\"}]},\"elements\":[{\"id\":\"84da339\",\"elType\":\"container\",\"settings\":{\"content_width\":\"full\",\"width\":{\"unit\":\"%\",\"size\":46},\"min_height\":{\"unit\":\"px\",\"size\":0,\"sizes\":[]},\"flex_justify_content\":\"center\",\"margin\":{\"unit\":\"px\",\"top\":\"0\",\"right\":\"0\",\"bottom\":\"0\",\"left\":\"0\",\"isLinked\":false},\"padding\":{\"unit\":\"px\",\"top\":\"0\",\"right\":\"0\",\"bottom\":\"0\",\"left\":\"0\",\"isLinked\":false},\"display_condition_list\":[{\"display_condition_login_status\":\"subscriber\",\"_id\":\"6c537b0\"}],\"background_background\":\"classic\",\"background_image\":{\"url\":\"https:\\\/\\\/allatvedelmi-centrum.hu\\\/wp-content\\\/uploads\\\/2024\\\/10\\\/IMG_7913-scaled.jpg\",\"id\":4191,\"size\":\"\",\"alt\":\"\",\"source\":\"library\"},\"background_position\":\"center center\",\"background_size\":\"cover\"},\"elements\":[],\"isInner\":true},{\"id\":\"eb7adc0\",\"elType\":\"container\",\"settings\":{\"flex_direction\":\"column\",\"content_width\":\"full\",\"width\":{\"unit\":\"%\",\"size\":60},\"display_condition_list\":[{\"display_condition_login_status\":\"subscriber\",\"_id\":\"2b006d5\"}]},\"elements\":[{\"id\":\"c4848ad\",\"elType\":\"widget\",\"settings\":{\"title\":\"G\\u00e1bor\",\"align\":\"center\",\"display_condition_list\":[{\"display_condition_login_status\":\"subscriber\",\"_id\":\"6399c61\"}],\"__globals__\":{\"title_color\":\"globals\\\/colors?id=4646cf5\"}},\"elements\":[],\"widgetType\":\"heading\"},{\"id\":\"bb5c9a3\",\"elType\":\"widget\",\"settings\":{\"editor\":\"<p>30 \\u00e9vvel ezel\\u0151tt az els\\u0151 kuty\\u00e1mmal, egy sima csal\\u00e1di kuty\\u00e1val kezdtem. Mivel az egy\\u00fctt\\u00e9l\\u00e9s eleinte nagyon neh\\u00e9z volt, el\\u00e9g kor\\u00e1n belecs\\u00f6ppentem a kutya sportba \\u00e9s a viselked\\u00e9ster\\u00e1piaba.<\\\/p>\\n<p><\\\/p>\\n<p><br><\\\/p><p>Ezut\\u00e1n puszt\\u00e1n \\u00e9rdekl\\u0151d\\u00e9sb\\u0151l sz\\u00e1mos tanfolyamot \\u00e9s tov\\u00e1bbk\\u00e9pz\\u00e9st v\\u00e9geztem kutyakik\\u00e9pz\\u0151 \\u00e9s viselked\\u00e9sterapeuta ir\\u00e1nyban.&nbsp;<\\\/p>\\n<p><br><\\\/p><p>Amikor 20 \\u00e9vvel ezel\\u0151tt visszat\\u00e9rtem Magyarorsz\\u00e1gra, megh\\u00edvtak egy helyi r\\u00e1di\\u00f3ba, egy \\u00e9l\\u0151 m\\u0171sorba, hogy telefonos tippeket adjak a kutyanevel\\u00e9shez.<\\\/p><p><br><\\\/p>\\n<p><\\\/p>\\n<p>Ekkor ismerkedtem meg a kecskem\\u00e9ti \\u00e1llatmenhely \\u00fczemeltet\\u0151j\\u00e9vel. Amikor az \\u00e1llatmenhelyet h\\u00e1rom n\\u00e9met h\\u00f6lgy l\\u00e1togatta meg, megk\\u00e9rtek, hogy menjek vel\\u00fck, mert \\u00edgy a nyelvi akad\\u00e1lyt k\\u00f6nnyebben \\u00e1thidalhat\\u00f3. Mivel m\\u00e9g sosem j\\u00e1rtam magyar \\u00e1llatmenhelyen, \\u00e9s kedvem is volt ott r\\u00f6viden seg\\u00edteni, beleegyeztem, hogy tolm\\u00e1cs legyek.<\\\/p><p><br><\\\/p>\\n<p>Ez volt az els\\u0151 tal\\u00e1lkoz\\u00e1som az \\u00e1llatv\\u00e9delemmel, \\u00e9s ez az \\u00e9lm\\u00e9ny, valamint az \\u00e1llatmenhely akkori \\u00e1llapota annyira megd\\u00f6bbentett, hogy eld\\u00f6nt\\u00f6ttem, vagy soha t\\u00f6bb\\u00e9 nem megyek az \\u00e1llatv\\u00e9delem k\\u00f6zel\\u00e9be, vagy seg\\u00edtenem kell.&nbsp;<span style=\\\"color: var( --e-global-color-text ); font-family: var( --e-global-typography-text-font-family ); font-weight: var( --e-global-typography-text-font-weight ); text-align: var(--text-align); font-size: var(--global--font-size-base);\\\">Ez 2005 nyar\\u00e1n t\\u00f6rt\\u00e9nt.&nbsp;<\\\/span><\\\/p><p><span style=\\\"color: var( --e-global-color-text ); font-family: var( --e-global-typography-text-font-family ); font-weight: var( --e-global-typography-text-font-weight ); text-align: var(--text-align); font-size: var(--global--font-size-base);\\\">Ebb\\u0151l a tal\\u00e1lkoz\\u00e1sb\\u00f3l sz\\u00fcletett meg 2007-ben a Pfotenhilfe Ungarn e.V. n\\u00e9met egyes\\u00fclet<\\\/span><\\\/p>\",\"display_condition_list\":[{\"display_condition_login_status\":\"subscriber\",\"_id\":\"2dfd3bc\"}]},\"elements\":[],\"widgetType\":\"text-editor\"}],\"isInner\":true}],\"isInner\":false}]","_elementor_page_assets":{"styles":["widget-heading","widget-text-editor"]},"_yoast_wpseo_content_score":"90","_elementor_css":{"time":1731166545,"fonts":[],"icons":[],"dynamic_elements_ids":[],"status":"file","0":""},"_elementor_page_settings":null,"_elementor_source":null,"_elementor_conditions":null,"_elementor_screenshot":null,"Ivara":null,"kora":null,"sz\u00edne":null,"ivartalanitott":null,"magasaga":null,"kutya_szama":null,"nemet leiras":null,"_thumbnail_id":null,"nemet_bemutato":null,"yoast_head":"<!-- This site is optimized with the Yoast SEO Premium plugin v22.6 (Yoast SEO v22.6) - https:\/\/yoast.com\/wordpress\/plugins\/seo\/ -->\n<title>G\u00e1bor - \u00c1llatv\u00e9delmi-centrum<\/title>\n<meta name=\"robots\" content=\"index, follow, max-snippet:-1, max-image-preview:large, max-video-preview:-1\" \/>\n<link rel=\"canonical\" href=\"https:\/\/allatvedelmi-centrum.hu\/de\/gabor\/\" \/>\n<meta property=\"og:locale\" content=\"de_DE\" \/>\n<meta property=\"og:type\" content=\"article\" \/>\n<meta property=\"og:title\" content=\"G\u00e1bor\" \/>\n<meta property=\"og:description\" content=\"G\u00e1bor 30 \u00e9vvel ezel\u0151tt az els\u0151 kuty\u00e1mmal, egy sima csal\u00e1di kuty\u00e1val kezdtem. Mivel az egy\u00fctt\u00e9l\u00e9s eleinte nagyon neh\u00e9z volt, el\u00e9g kor\u00e1n belecs\u00f6ppentem a kutya sportba \u00e9s a viselked\u00e9ster\u00e1piaba. Ezut\u00e1n puszt\u00e1n \u00e9rdekl\u0151d\u00e9sb\u0151l sz\u00e1mos tanfolyamot \u00e9s tov\u00e1bbk\u00e9pz\u00e9st v\u00e9geztem kutyakik\u00e9pz\u0151 \u00e9s viselked\u00e9sterapeuta ir\u00e1nyban.&nbsp; Amikor 20 \u00e9vvel ezel\u0151tt visszat\u00e9rtem Magyarorsz\u00e1gra, megh\u00edvtak egy helyi r\u00e1di\u00f3ba, egy \u00e9l\u0151 m\u0171sorba, hogy telefonos&hellip; G\u00e1bor weiterlesen\" \/>\n<meta property=\"og:url\" content=\"https:\/\/allatvedelmi-centrum.hu\/de\/gabor\/\" \/>\n<meta property=\"og:site_name\" content=\"\u00c1llatv\u00e9delmi-centrum\" \/>\n<meta property=\"article:modified_time\" content=\"2024-10-01T08:41:34+00:00\" \/>\n<meta name=\"twitter:card\" content=\"summary_large_image\" \/>\n<meta name=\"twitter:label1\" content=\"Gesch\u00e4tzte Lesezeit\" \/>\n\t<meta name=\"twitter:data1\" content=\"1 Minute\" \/>\n<script type=\"application\/ld+json\" class=\"yoast-schema-graph\">{\"@context\":\"https:\/\/schema.org\",\"@graph\":[{\"@type\":\"WebPage\",\"@id\":\"https:\/\/allatvedelmi-centrum.hu\/gabor\/\",\"url\":\"https:\/\/allatvedelmi-centrum.hu\/gabor\/\",\"name\":\"G\u00e1bor - \u00c1llatv\u00e9delmi-centrum\",\"isPartOf\":{\"@id\":\"https:\/\/allatvedelmi-centrum.hu\/#website\"},\"datePublished\":\"2024-09-30T17:22:04+00:00\",\"dateModified\":\"2024-10-01T08:41:34+00:00\",\"breadcrumb\":{\"@id\":\"https:\/\/allatvedelmi-centrum.hu\/gabor\/#breadcrumb\"},\"inLanguage\":\"de-DE\",\"potentialAction\":[{\"@type\":\"ReadAction\",\"target\":[\"https:\/\/allatvedelmi-centrum.hu\/gabor\/\"]}]},{\"@type\":\"BreadcrumbList\",\"@id\":\"https:\/\/allatvedelmi-centrum.hu\/gabor\/#breadcrumb\",\"itemListElement\":[{\"@type\":\"ListItem\",\"position\":1,\"name\":\"Kezd\u0151lap\",\"item\":\"https:\/\/allatvedelmi-centrum.hu\/\"},{\"@type\":\"ListItem\",\"position\":2,\"name\":\"G\u00e1bor\"}]},{\"@type\":\"WebSite\",\"@id\":\"https:\/\/allatvedelmi-centrum.hu\/#website\",\"url\":\"https:\/\/allatvedelmi-centrum.hu\/\",\"name\":\"\u00c1llatv\u00e9delmi-centrum\",\"description\":\"\",\"publisher\":{\"@id\":\"https:\/\/allatvedelmi-centrum.hu\/#organization\"},\"potentialAction\":[{\"@type\":\"SearchAction\",\"target\":{\"@type\":\"EntryPoint\",\"urlTemplate\":\"https:\/\/allatvedelmi-centrum.hu\/?s={search_term_string}\"},\"query-input\":\"required name=search_term_string\"}],\"inLanguage\":\"de-DE\"},{\"@type\":\"Organization\",\"@id\":\"https:\/\/allatvedelmi-centrum.hu\/#organization\",\"name\":\"\u00c1llatv\u00e9delmi-centrum\",\"url\":\"https:\/\/allatvedelmi-centrum.hu\/\",\"logo\":{\"@type\":\"ImageObject\",\"inLanguage\":\"de-DE\",\"@id\":\"https:\/\/allatvedelmi-centrum.hu\/#\/schema\/logo\/image\/\",\"url\":\"https:\/\/allatvedelmi-centrum.hu\/wp-content\/uploads\/2023\/10\/logo-x-1.jpg\",\"contentUrl\":\"https:\/\/allatvedelmi-centrum.hu\/wp-content\/uploads\/2023\/10\/logo-x-1.jpg\",\"width\":1701,\"height\":425,\"caption\":\"\u00c1llatv\u00e9delmi-centrum\"},\"image\":{\"@id\":\"https:\/\/allatvedelmi-centrum.hu\/#\/schema\/logo\/image\/\"}}]}<\/script>\n<!-- \/ Yoast SEO Premium plugin. -->","yoast_head_json":{"title":"G\u00e1bor - \u00c1llatv\u00e9delmi-centrum","robots":{"index":"index","follow":"follow","max-snippet":"max-snippet:-1","max-image-preview":"max-image-preview:large","max-video-preview":"max-video-preview:-1"},"canonical":"https:\/\/allatvedelmi-centrum.hu\/de\/gabor\/","og_locale":"de_DE","og_type":"article","og_title":"G\u00e1bor","og_description":"G\u00e1bor 30 \u00e9vvel ezel\u0151tt az els\u0151 kuty\u00e1mmal, egy sima csal\u00e1di kuty\u00e1val kezdtem. Mivel az egy\u00fctt\u00e9l\u00e9s eleinte nagyon neh\u00e9z volt, el\u00e9g kor\u00e1n belecs\u00f6ppentem a kutya sportba \u00e9s a viselked\u00e9ster\u00e1piaba. Ezut\u00e1n puszt\u00e1n \u00e9rdekl\u0151d\u00e9sb\u0151l sz\u00e1mos tanfolyamot \u00e9s tov\u00e1bbk\u00e9pz\u00e9st v\u00e9geztem kutyakik\u00e9pz\u0151 \u00e9s viselked\u00e9sterapeuta ir\u00e1nyban.&nbsp; Amikor 20 \u00e9vvel ezel\u0151tt visszat\u00e9rtem Magyarorsz\u00e1gra, megh\u00edvtak egy helyi r\u00e1di\u00f3ba, egy \u00e9l\u0151 m\u0171sorba, hogy telefonos&hellip; G\u00e1bor weiterlesen","og_url":"https:\/\/allatvedelmi-centrum.hu\/de\/gabor\/","og_site_name":"\u00c1llatv\u00e9delmi-centrum","article_modified_time":"2024-10-01T08:41:34+00:00","twitter_card":"summary_large_image","twitter_misc":{"Gesch\u00e4tzte Lesezeit":"1 Minute"},"schema":{"@context":"https:\/\/schema.org","@graph":[{"@type":"WebPage","@id":"https:\/\/allatvedelmi-centrum.hu\/gabor\/","url":"https:\/\/allatvedelmi-centrum.hu\/gabor\/","name":"G\u00e1bor - \u00c1llatv\u00e9delmi-centrum","isPartOf":{"@id":"https:\/\/allatvedelmi-centrum.hu\/#website"},"datePublished":"2024-09-30T17:22:04+00:00","dateModified":"2024-10-01T08:41:34+00:00","breadcrumb":{"@id":"https:\/\/allatvedelmi-centrum.hu\/gabor\/#breadcrumb"},"inLanguage":"de-DE","potentialAction":[{"@type":"ReadAction","target":["https:\/\/allatvedelmi-centrum.hu\/gabor\/"]}]},{"@type":"BreadcrumbList","@id":"https:\/\/allatvedelmi-centrum.hu\/gabor\/#breadcrumb","itemListElement":[{"@type":"ListItem","position":1,"name":"Kezd\u0151lap","item":"https:\/\/allatvedelmi-centrum.hu\/"},{"@type":"ListItem","position":2,"name":"G\u00e1bor"}]},{"@type":"WebSite","@id":"https:\/\/allatvedelmi-centrum.hu\/#website","url":"https:\/\/allatvedelmi-centrum.hu\/","name":"\u00c1llatv\u00e9delmi-centrum","description":"","publisher":{"@id":"https:\/\/allatvedelmi-centrum.hu\/#organization"},"potentialAction":[{"@type":"SearchAction","target":{"@type":"EntryPoint","urlTemplate":"https:\/\/allatvedelmi-centrum.hu\/?s={search_term_string}"},"query-input":"required name=search_term_string"}],"inLanguage":"de-DE"},{"@type":"Organization","@id":"https:\/\/allatvedelmi-centrum.hu\/#organization","name":"\u00c1llatv\u00e9delmi-centrum","url":"https:\/\/allatvedelmi-centrum.hu\/","logo":{"@type":"ImageObject","inLanguage":"de-DE","@id":"https:\/\/allatvedelmi-centrum.hu\/#\/schema\/logo\/image\/","url":"https:\/\/allatvedelmi-centrum.hu\/wp-content\/uploads\/2023\/10\/logo-x-1.jpg","contentUrl":"https:\/\/allatvedelmi-centrum.hu\/wp-content\/uploads\/2023\/10\/logo-x-1.jpg","width":1701,"height":425,"caption":"\u00c1llatv\u00e9delmi-centrum"},"image":{"@id":"https:\/\/allatvedelmi-centrum.hu\/#\/schema\/logo\/image\/"}}]}},"_links":{"self":[{"href":"https:\/\/allatvedelmi-centrum.hu\/de\/wp-json\/wp\/v2\/pages\/4100"}],"collection":[{"href":"https:\/\/allatvedelmi-centrum.hu\/de\/wp-json\/wp\/v2\/pages"}],"about":[{"href":"https:\/\/allatvedelmi-centrum.hu\/de\/wp-json\/wp\/v2\/types\/page"}],"author":[{"embeddable":true,"href":"https:\/\/allatvedelmi-centrum.hu\/de\/wp-json\/wp\/v2\/users\/1"}],"replies":[{"embeddable":true,"href":"https:\/\/allatvedelmi-centrum.hu\/de\/wp-json\/wp\/v2\/comments?post=4100"}],"version-history":[{"count":17,"href":"https:\/\/allatvedelmi-centrum.hu\/de\/wp-json\/wp\/v2\/pages\/4100\/revisions"}],"predecessor-version":[{"id":4194,"href":"https:\/\/allatvedelmi-centrum.hu\/de\/wp-json\/wp\/v2\/pages\/4100\/revisions\/4194"}],"wp:attachment":[{"href":"https:\/\/allatvedelmi-centrum.hu\/de\/wp-json\/wp\/v2\/media?parent=4100"}],"curies":[{"name":"wp","href":"https:\/\/api.w.org\/{rel}","templated":true}]}}