{"id":4107,"date":"2024-09-30T17:24:52","date_gmt":"2024-09-30T17:24:52","guid":{"rendered":"https:\/\/allatvedelmi-centrum.hu\/?page_id=4107"},"modified":"2024-10-01T08:47:05","modified_gmt":"2024-10-01T08:47:05","slug":"gabor-2","status":"publish","type":"page","link":"https:\/\/allatvedelmi-centrum.hu\/de\/gabor-2\/","title":{"rendered":"Szamanta"},"content":{"rendered":"<div data-elementor-type=\"wp-page\" data-elementor-id=\"4107\" class=\"elementor elementor-4107\" data-elementor-post-type=\"page\">\n\t\t\t\t<div class=\"elementor-element elementor-element-208b573 e-con-full e-flex e-con e-parent\" data-id=\"208b573\" data-element_type=\"container\">\n\t\t<div class=\"elementor-element elementor-element-84da339 e-con-full e-flex e-con e-child\" data-id=\"84da339\" data-element_type=\"container\" data-settings=\"{&quot;background_background&quot;:&quot;classic&quot;}\">\n\t\t\t\t<\/div>\n\t\t<div class=\"elementor-element elementor-element-eb7adc0 e-con-full e-flex e-con e-child\" data-id=\"eb7adc0\" data-element_type=\"container\">\n\t\t\t\t<div class=\"elementor-element elementor-element-c4848ad elementor-widget elementor-widget-heading\" data-id=\"c4848ad\" data-element_type=\"widget\" data-widget_type=\"heading.default\">\n\t\t\t\t<div class=\"elementor-widget-container\">\n\t\t\t<h2 class=\"elementor-heading-title elementor-size-default\">Szamanta<\/h2>\t\t<\/div>\n\t\t\t\t<\/div>\n\t\t\t\t<div class=\"elementor-element elementor-element-bb5c9a3 elementor-widget elementor-widget-text-editor\" data-id=\"bb5c9a3\" data-element_type=\"widget\" data-widget_type=\"text-editor.default\">\n\t\t\t\t<div class=\"elementor-widget-container\">\n\t\t\t\t\t\t\t<p>Seit meiner Kindheit habe ich eine besondere Beziehung zu meinen vierbeinigen Begleitern. Obwohl ich in einem Plattenbau aufwuchs, waren bei meinen Gro\u00dfeltern immer Hunde pr\u00e4sent. Besonders pr\u00e4gend waren die beiden Hunde B\u00e1tor und Man\u00f3, die zu meinen liebsten Erinnerungen geh\u00f6ren. Schon bevor B\u00e1tor in mein Leben trat, hatte ich eine enge Verbindung zu Man\u00f3. Ich erinnere mich, dass ich einmal mit ihm \"sprach\" und ihm versprach, es niemandem zu verraten, falls er zugab, wirklich sprechen zu k\u00f6nnen. Auch wenn es nur ein kindliches Spiel war \u2013 hier begann meine tiefe Liebe zu Tieren.<\/p><p>\u00a0<\/p><p>Jahre sp\u00e4ter, als wir endlich unseren eigenen Hund Le\u00f3 bekamen, folgte eine schwierige und schmerzhafte Zeit. Le\u00f3 war sehr jung, als wir ihn adoptieren konnten, und leider wurde bei ihm kurz darauf Parvovirose diagnostiziert. Er war so krank, dass ich abends kaum schlafen konnte \u2013 ich musste immer bei ihm sein. Ich wollte um jeden Preis, dass er gesund wird, und zum Gl\u00fcck erholte sich Le\u00f3 schlie\u00dflich. Diese Erfahrung hat mich tief ber\u00fchrt und darin best\u00e4rkt, dass ich Tieren helfen m\u00f6chte.<\/p><p>\u00a0<\/p><p>Als meine Mutter begann, sich im Tierschutz zu engagieren, zog es mich immer mehr in diese Welt hinein \u2013 eine Welt, in der ich bis heute mit Freude aktiv bin. Le\u00f3s Leben hatte einen ungl\u00fccklichen Start, was einen tiefen Eindruck bei mir hinterlie\u00df. Deshalb beschloss ich, noch mehr f\u00fcr die Tiere zu tun. Ich absolvierte einen Kurs als tiermedizinische\/r Assistent\/in, um den Tierschutzheim besser unterst\u00fctzen zu k\u00f6nnen. Die funkelnden Augen, die ich jeden Tag sehe, wenn ein kranker, angeschlagener Hund eine neue Chance bekommt, inspirieren mich. Die gr\u00f6\u00dfte Freude f\u00fcr mich ist es, den Tieren den Weg in ein besseres Leben zu ebnen und zu sehen, wie sie in einer liebevollen Familie gl\u00fccklich werden.\u00a0<br \/><br \/>F\u00fcr mich ist das nicht einfach nur ein gew\u00f6hnliches Tierheim mitten im Wald \u2013 wenn ich ein streunender Hund w\u00e4re, w\u00fcrde ich ganz sicher hierher wollen. Denn hier erhalten die Tiere nicht nur Sicherheit, sondern auch F\u00fcrsorge, Hoffnung und Liebe.\u00a0<\/p><p>\u00a0<\/p><p>\u2026es geht hier nicht nur darum, die Hunde in einen Zwinger zu sperren. Hier d\u00fcrfen sie jeden Tag einen kleinen Teil der Freiheit erleben. T\u00e4glich k\u00fcmmern wir uns um sie \u2013 wir sorgen nicht nur f\u00fcr ihr Wohl, sondern bereiten sie auch darauf vor, so schnell wie m\u00f6glich einen liebevollen Besitzer zu finden.\u00a0<\/p>\t\t\t\t\t\t<\/div>\n\t\t\t\t<\/div>\n\t\t\t\t<\/div>\n\t\t\t\t<\/div>\n\t\t\t\t<\/div>","protected":false},"excerpt":{"rendered":"<p>Szamanta M\u00e1r gyerekkorom \u00f3ta k\u00fcl\u00f6nleges kapcsolatban \u00e1lltam a n\u00e9gyl\u00e1b\u00fa t\u00e1rsaimmal. B\u00e1r panel lak\u00e1sban n\u0151ttem fel, a nagysz\u00fcleimn\u00e9l mindig kuty\u00e1k vettek k\u00f6r\u00fcl. K\u00e9t kuty\u00e1juk, B\u00e1tor \u00e9s Man\u00f3 voltak a legkedvesebb eml\u00e9keim r\u00e9szei. Man\u00f3val k\u00fcl\u00f6nleges kapcsolatot \u00e1poltunk m\u00e1r akkor is, amikor B\u00e1tor m\u00e9g nem volt ott. Eml\u00e9kszem, egyszer &#8222;besz\u00e9lgettem&#8221; Man\u00f3val, \u00e9s meg\u00edg\u00e9rtem neki, hogy nem \u00e1rulom el&hellip; <a class=\"more-link\" href=\"https:\/\/allatvedelmi-centrum.hu\/de\/gabor-2\/\"><span class=\"screen-reader-text\">Szamanta<\/span> weiterlesen<\/a><\/p>","protected":false},"author":1,"featured_media":0,"parent":0,"menu_order":0,"comment_status":"closed","ping_status":"closed","template":"elementor_header_footer","meta":{"footnotes":""},"acf":[],"_wp_attached_file":null,"_wp_attachment_metadata":null,"_elementor_is_screenshot":null,"_elementor_source_image_hash":null,"_jet_sm_fonts_cache":null,"theplus_transient_widgets":null,"_filter_label":null,"_active_label":null,"_filter_type":null,"_date_source":null,"_is_hierarchical":null,"_ih_source_map":null,"_data_source":null,"_query_switcher_notice":null,"_query_builder_queries_to_switch":null,"_query_builder_query":null,"_query_builder_value_prop":null,"_query_builder_label_prop":null,"_cct_notice":null,"_rating_options":null,"_rating_compare_operand":null,"_source_taxonomy":null,"_terms_relational_operator":null,"_source_post_type":null,"_glossary_id":null,"_glossary_notice":null,"_add_all_option":null,"_all_option_label":null,"_ability_deselect_radio":null,"_show_empty_terms":null,"_only_child":null,"_group_by_parent":null,"_source_custom_field":null,"_source_get_from_field_data":null,"_custom_field_source_plugin":null,"_source_manual_input":null,"_color_image_type":null,"_query_builder_color_prop":null,"_query_builder_image_prop":null,"_color_image_behavior":null,"_source_color_image_input":null,"_source_manual_input_range":null,"_placeholder":null,"_s_placeholder":null,"_is_custom_checkbox":null,"_s_by":null,"_date_format":null,"_date_from_placeholder":null,"_date_to_placeholder":null,"_date_period_type":null,"_date_period_datepicker_button_text":null,"_min_max_date_period_enabled":null,"_min_date_period":null,"_max_date_period":null,"_date_period_start_end_enabled":null,"_date_period_format":null,"_date_period_start_format":null,"_date_period_separator":null,"_date_period_end_format":null,"_range_inputs_enabled":null,"_range_inputs_separators_enabled":null,"_values_prefix":null,"_values_suffix":null,"_values_thousand_sep":null,"_values_decimal_sep":null,"_values_decimal_num":null,"_source_min":null,"_source_max":null,"_source_step":null,"_source_callback":null,"_use_exclude_include":null,"_data_exclude_include":null,"_alphabet_behavior":null,"_alphabet_radio_deselect":null,"_alphabet_options":null,"_query_var":null,"_is_custom_query_var":null,"_custom_query_var":null,"_query_compare":null,"license":null,"_menu_item_type":null,"_menu_item_menu_item_parent":null,"_menu_item_object_id":null,"_menu_item_object":null,"_menu_item_target":null,"_menu_item_classes":null,"_menu_item_xfn":null,"_menu_item_url":null,"_yoast_wpseo_primary_category":null,"_pingme":null,"_encloseme":null,"_elementor_screenshot_failed":null,"_form":null,"_mail":null,"_mail_2":null,"_messages":null,"_additional_settings":null,"_locale":null,"_hash":null,"_edit_last":null,"_edit_lock":"1727772453:1","_wp_trash_meta_status":null,"_wp_trash_meta_time":null,"_wp_desired_post_slug":null,"_yoast_wpseo_estimated-reading-time-minutes":"2","_yoast_wpseo_wordproof_timestamp":"","_wpgb":{"permalink":"","post_format":"","attachment_id":"","gallery_ids":[],"mp3_url":null,"ogg_url":null,"mp4_url":null,"ogv_url":null,"webm_url":null,"embed_video_url":"","video_ratio":"16:9","columns":1,"rows":1,"content_background":"","overlay_background":"","content_color_scheme":"","overlay_color_scheme":""},"_elementor_edit_mode":"builder","_elementor_template_type":"wp-page","_elementor_version":"3.21.4","_elementor_pro_version":"3.21.2","_wp_page_template":"elementor_header_footer","_elementor_data":"[{\"id\":\"208b573\",\"elType\":\"container\",\"settings\":{\"flex_direction\":\"row\",\"flex_gap\":{\"unit\":\"px\",\"size\":0,\"column\":\"0\",\"row\":\"0\"},\"content_width\":\"full\",\"flex_justify_content\":\"center\",\"display_condition_list\":[{\"display_condition_login_status\":\"subscriber\",\"_id\":\"694f665\"}]},\"elements\":[{\"id\":\"84da339\",\"elType\":\"container\",\"settings\":{\"flex_direction\":\"column\",\"content_width\":\"full\",\"width\":{\"unit\":\"%\",\"size\":46},\"min_height\":{\"unit\":\"px\",\"size\":0,\"sizes\":[]},\"flex_justify_content\":\"center\",\"margin\":{\"unit\":\"px\",\"top\":\"0\",\"right\":\"0\",\"bottom\":\"0\",\"left\":\"0\",\"isLinked\":false},\"padding\":{\"unit\":\"px\",\"top\":\"0\",\"right\":\"0\",\"bottom\":\"0\",\"left\":\"0\",\"isLinked\":false},\"display_condition_list\":[{\"display_condition_login_status\":\"subscriber\",\"_id\":\"6c537b0\"}],\"background_background\":\"classic\",\"background_image\":{\"url\":\"https:\\\/\\\/allatvedelmi-centrum.hu\\\/wp-content\\\/uploads\\\/2024\\\/05\\\/IMG_7945-scaled-e1727772405526.jpg\",\"id\":3378,\"size\":\"\",\"alt\":\"\",\"source\":\"library\"},\"background_repeat\":\"no-repeat\",\"background_size\":\"contain\"},\"elements\":[],\"isInner\":true},{\"id\":\"eb7adc0\",\"elType\":\"container\",\"settings\":{\"flex_direction\":\"column\",\"content_width\":\"full\",\"width\":{\"unit\":\"%\",\"size\":60},\"display_condition_list\":[{\"display_condition_login_status\":\"subscriber\",\"_id\":\"2b006d5\"}]},\"elements\":[{\"id\":\"c4848ad\",\"elType\":\"widget\",\"settings\":{\"title\":\"Szamanta\",\"align\":\"center\",\"display_condition_list\":[{\"display_condition_login_status\":\"subscriber\",\"_id\":\"6399c61\"}],\"__globals__\":{\"title_color\":\"globals\\\/colors?id=4646cf5\"}},\"elements\":[],\"widgetType\":\"heading\"},{\"id\":\"bb5c9a3\",\"elType\":\"widget\",\"settings\":{\"editor\":\"<p>M\\u00e1r gyerekkorom \\u00f3ta k\\u00fcl\\u00f6nleges kapcsolatban \\u00e1lltam a n\\u00e9gyl\\u00e1b\\u00fa t\\u00e1rsaimmal. B\\u00e1r panel lak\\u00e1sban n\\u0151ttem fel, a nagysz\\u00fcleimn\\u00e9l mindig kuty\\u00e1k vettek k\\u00f6r\\u00fcl. K\\u00e9t kuty\\u00e1juk, B\\u00e1tor \\u00e9s Man\\u00f3 voltak a legkedvesebb eml\\u00e9keim r\\u00e9szei. Man\\u00f3val k\\u00fcl\\u00f6nleges kapcsolatot \\u00e1poltunk m\\u00e1r akkor is, amikor B\\u00e1tor m\\u00e9g nem volt ott. Eml\\u00e9kszem, egyszer \\\"besz\\u00e9lgettem\\\" Man\\u00f3val, \\u00e9s meg\\u00edg\\u00e9rtem neki, hogy nem \\u00e1rulom el senkinek, ha bevallja, hogy igaz\\u00e1b\\u00f3l tud besz\\u00e9lni. B\\u00e1r ez csak egy gyermeki j\\u00e1t\\u00e9k volt, valahol itt kezd\\u0151d\\u00f6tt el az \\u00e1llatok ir\\u00e1nti m\\u00e9rhetetlen szeretetem.<\\\/p><p>\\u00a0<\\\/p><p>\\u00c9vekkel k\\u00e9s\\u0151bb, amikor v\\u00e9gre lett saj\\u00e1t kuty\\u00e1nk, Le\\u00f3, egy neh\\u00e9z \\u00e9s f\\u00e1jdalmas id\\u0151szak k\\u00f6vetkezett be. Le\\u00f3 nagyon fiatal volt, amikor hazavitt\\u00fck, \\u00e9s sajnos r\\u00f6videsen parv\\u00f3t diagnosztiz\\u00e1ltak n\\u00e1la. Annyira beteg volt, hogy est\\u00e9nk\\u00e9nt nem tudtam aludni \\u2013 mindig vele kellett lennem. Szerettem volna minden\\u00e1ron meggy\\u00f3gy\\u00edtani, \\u00e9s szerencs\\u00e9re, Le\\u00f3 v\\u00e9g\\u00fcl fel\\u00e9p\\u00fclt. Ez az \\u00e9lm\\u00e9ny m\\u00e9lyen meg\\u00e9rintett, \\u00e9s meger\\u0151s\\u00edtett abban, hogy seg\\u00edteni akarok az \\u00e1llatokon.<\\\/p><p>\\u00a0<\\\/p><p>Amikor Anyuk\\u00e1m elkezdett \\u00e1llatv\\u00e9delemmel foglalkozni, \\u00e9n is egyre ink\\u00e1bb beleker\\u00fcltem ebbe a vil\\u00e1gba, amit az\\u00f3ta is \\u00f6r\\u00f6mmel \\u00e9lek meg. Le\\u00f3 szerencs\\u00e9tlen\\u00fcl indult \\u00e9lete..m\\u00e9ly nyomot hagyott bennem, \\u00e9s \\u00fagy d\\u00f6nt\\u00f6ttem, hogy szeretn\\u00e9k m\\u00e9g t\\u00f6bbet tenni az \\u00e1llatok\\u00e9rt. Ez\\u00e9rt elv\\u00e9geztem egy \\u00e1llatorvosi asszisztens tanfolyamot, hogy hat\\u00e9konyabban tudjak seg\\u00edteni a menhelyen. Azok a csillog\\u00f3 szemp\\u00e1rok, amiket nap mint nap l\\u00e1tok, amikor egy beteg, elesett kutya \\u00faj es\\u00e9lyt kap, inspir\\u00e1lnak. A legnagyobb \\u00f6r\\u00f6m sz\\u00e1momra, hogy seg\\u00edthetek nekik elindulni egy jobb \\u00e9let fel\\u00e9, \\u00e9s l\\u00e1tni, amikor m\\u00e1r boldogok egy szeret\\u0151 csal\\u00e1dban.\\u00a0<br \\\/><br \\\/>Sz\\u00e1momra ez nem egy szimpla menhely az erd\\u0151 k\\u00f6zep\\u00e9n..\\u2013 ha \\u00e9n lenn\\u00e9k egy k\\u00f3bor kutyus, ide szeretn\\u00e9k ker\\u00fclni az biztos.... mert itt nem csak biztons\\u00e1got, hanem t\\u00f6r\\u0151d\\u00e9st, rem\\u00e9nyt \\u00e9s szeretetet is kapnak az \\u00e1llatok.\\u00a0<\\\/p><p>\\u00a0<\\\/p><p>...nem csak arr\\u00f3l sz\\u00f3l, hogy a kuty\\u00e1kat bez\\u00e1rjuk egy kennelbe. Itt minden nap meg\\u00e9lhetik a szabads\\u00e1g egy kis szelet\\u00e9t. Minden nap foglalkozunk vel\\u00fck \\u00e9s nem csak gondoskodunk r\\u00f3luk, hanem igyeksz\\u00fcnk felk\\u00e9sz\\u00edteni \\u0151ket arra, hogy min\\u00e9l hamarabb szeret\\u0151 gazdira tal\\u00e1ljanak.\\u00a0<\\\/p>\",\"display_condition_list\":[{\"display_condition_login_status\":\"subscriber\",\"_id\":\"2dfd3bc\"}]},\"elements\":[],\"widgetType\":\"text-editor\"}],\"isInner\":true}],\"isInner\":false}]","_elementor_page_assets":{"styles":["widget-heading","widget-text-editor"]},"_yoast_wpseo_content_score":"90","_elementor_css":{"time":1731166550,"fonts":[],"icons":[],"dynamic_elements_ids":[],"status":"file","0":""},"_elementor_page_settings":null,"_elementor_source":null,"_elementor_conditions":null,"_elementor_screenshot":null,"Ivara":null,"kora":null,"sz\u00edne":null,"ivartalanitott":null,"magasaga":null,"kutya_szama":null,"nemet leiras":null,"_thumbnail_id":null,"nemet_bemutato":null,"yoast_head":"<!-- This site is optimized with the Yoast SEO Premium plugin v22.6 (Yoast SEO v22.6) - https:\/\/yoast.com\/wordpress\/plugins\/seo\/ -->\n<title>Szamanta - \u00c1llatv\u00e9delmi-centrum<\/title>\n<meta name=\"robots\" content=\"index, follow, max-snippet:-1, max-image-preview:large, max-video-preview:-1\" \/>\n<link rel=\"canonical\" href=\"https:\/\/allatvedelmi-centrum.hu\/de\/gabor-2\/\" \/>\n<meta property=\"og:locale\" content=\"de_DE\" \/>\n<meta property=\"og:type\" content=\"article\" \/>\n<meta property=\"og:title\" content=\"Szamanta\" \/>\n<meta property=\"og:description\" content=\"Szamanta M\u00e1r gyerekkorom \u00f3ta k\u00fcl\u00f6nleges kapcsolatban \u00e1lltam a n\u00e9gyl\u00e1b\u00fa t\u00e1rsaimmal. B\u00e1r panel lak\u00e1sban n\u0151ttem fel, a nagysz\u00fcleimn\u00e9l mindig kuty\u00e1k vettek k\u00f6r\u00fcl. K\u00e9t kuty\u00e1juk, B\u00e1tor \u00e9s Man\u00f3 voltak a legkedvesebb eml\u00e9keim r\u00e9szei. Man\u00f3val k\u00fcl\u00f6nleges kapcsolatot \u00e1poltunk m\u00e1r akkor is, amikor B\u00e1tor m\u00e9g nem volt ott. Eml\u00e9kszem, egyszer &#8222;besz\u00e9lgettem&#8221; Man\u00f3val, \u00e9s meg\u00edg\u00e9rtem neki, hogy nem \u00e1rulom el&hellip; Szamanta weiterlesen\" \/>\n<meta property=\"og:url\" content=\"https:\/\/allatvedelmi-centrum.hu\/de\/gabor-2\/\" \/>\n<meta property=\"og:site_name\" content=\"\u00c1llatv\u00e9delmi-centrum\" \/>\n<meta property=\"article:modified_time\" content=\"2024-10-01T08:47:05+00:00\" \/>\n<meta name=\"twitter:card\" content=\"summary_large_image\" \/>\n<meta name=\"twitter:label1\" content=\"Gesch\u00e4tzte Lesezeit\" \/>\n\t<meta name=\"twitter:data1\" content=\"2 Minuten\" \/>\n<script type=\"application\/ld+json\" class=\"yoast-schema-graph\">{\"@context\":\"https:\/\/schema.org\",\"@graph\":[{\"@type\":\"WebPage\",\"@id\":\"https:\/\/allatvedelmi-centrum.hu\/gabor-2\/\",\"url\":\"https:\/\/allatvedelmi-centrum.hu\/gabor-2\/\",\"name\":\"Szamanta - \u00c1llatv\u00e9delmi-centrum\",\"isPartOf\":{\"@id\":\"https:\/\/allatvedelmi-centrum.hu\/#website\"},\"datePublished\":\"2024-09-30T17:24:52+00:00\",\"dateModified\":\"2024-10-01T08:47:05+00:00\",\"breadcrumb\":{\"@id\":\"https:\/\/allatvedelmi-centrum.hu\/gabor-2\/#breadcrumb\"},\"inLanguage\":\"de-DE\",\"potentialAction\":[{\"@type\":\"ReadAction\",\"target\":[\"https:\/\/allatvedelmi-centrum.hu\/gabor-2\/\"]}]},{\"@type\":\"BreadcrumbList\",\"@id\":\"https:\/\/allatvedelmi-centrum.hu\/gabor-2\/#breadcrumb\",\"itemListElement\":[{\"@type\":\"ListItem\",\"position\":1,\"name\":\"Kezd\u0151lap\",\"item\":\"https:\/\/allatvedelmi-centrum.hu\/\"},{\"@type\":\"ListItem\",\"position\":2,\"name\":\"Szamanta\"}]},{\"@type\":\"WebSite\",\"@id\":\"https:\/\/allatvedelmi-centrum.hu\/#website\",\"url\":\"https:\/\/allatvedelmi-centrum.hu\/\",\"name\":\"\u00c1llatv\u00e9delmi-centrum\",\"description\":\"\",\"publisher\":{\"@id\":\"https:\/\/allatvedelmi-centrum.hu\/#organization\"},\"potentialAction\":[{\"@type\":\"SearchAction\",\"target\":{\"@type\":\"EntryPoint\",\"urlTemplate\":\"https:\/\/allatvedelmi-centrum.hu\/?s={search_term_string}\"},\"query-input\":\"required name=search_term_string\"}],\"inLanguage\":\"de-DE\"},{\"@type\":\"Organization\",\"@id\":\"https:\/\/allatvedelmi-centrum.hu\/#organization\",\"name\":\"\u00c1llatv\u00e9delmi-centrum\",\"url\":\"https:\/\/allatvedelmi-centrum.hu\/\",\"logo\":{\"@type\":\"ImageObject\",\"inLanguage\":\"de-DE\",\"@id\":\"https:\/\/allatvedelmi-centrum.hu\/#\/schema\/logo\/image\/\",\"url\":\"https:\/\/allatvedelmi-centrum.hu\/wp-content\/uploads\/2023\/10\/logo-x-1.jpg\",\"contentUrl\":\"https:\/\/allatvedelmi-centrum.hu\/wp-content\/uploads\/2023\/10\/logo-x-1.jpg\",\"width\":1701,\"height\":425,\"caption\":\"\u00c1llatv\u00e9delmi-centrum\"},\"image\":{\"@id\":\"https:\/\/allatvedelmi-centrum.hu\/#\/schema\/logo\/image\/\"}}]}<\/script>\n<!-- \/ Yoast SEO Premium plugin. -->","yoast_head_json":{"title":"Szamanta - \u00c1llatv\u00e9delmi-centrum","robots":{"index":"index","follow":"follow","max-snippet":"max-snippet:-1","max-image-preview":"max-image-preview:large","max-video-preview":"max-video-preview:-1"},"canonical":"https:\/\/allatvedelmi-centrum.hu\/de\/gabor-2\/","og_locale":"de_DE","og_type":"article","og_title":"Szamanta","og_description":"Szamanta M\u00e1r gyerekkorom \u00f3ta k\u00fcl\u00f6nleges kapcsolatban \u00e1lltam a n\u00e9gyl\u00e1b\u00fa t\u00e1rsaimmal. B\u00e1r panel lak\u00e1sban n\u0151ttem fel, a nagysz\u00fcleimn\u00e9l mindig kuty\u00e1k vettek k\u00f6r\u00fcl. K\u00e9t kuty\u00e1juk, B\u00e1tor \u00e9s Man\u00f3 voltak a legkedvesebb eml\u00e9keim r\u00e9szei. Man\u00f3val k\u00fcl\u00f6nleges kapcsolatot \u00e1poltunk m\u00e1r akkor is, amikor B\u00e1tor m\u00e9g nem volt ott. Eml\u00e9kszem, egyszer &#8222;besz\u00e9lgettem&#8221; Man\u00f3val, \u00e9s meg\u00edg\u00e9rtem neki, hogy nem \u00e1rulom el&hellip; Szamanta weiterlesen","og_url":"https:\/\/allatvedelmi-centrum.hu\/de\/gabor-2\/","og_site_name":"\u00c1llatv\u00e9delmi-centrum","article_modified_time":"2024-10-01T08:47:05+00:00","twitter_card":"summary_large_image","twitter_misc":{"Gesch\u00e4tzte Lesezeit":"2 Minuten"},"schema":{"@context":"https:\/\/schema.org","@graph":[{"@type":"WebPage","@id":"https:\/\/allatvedelmi-centrum.hu\/gabor-2\/","url":"https:\/\/allatvedelmi-centrum.hu\/gabor-2\/","name":"Szamanta - \u00c1llatv\u00e9delmi-centrum","isPartOf":{"@id":"https:\/\/allatvedelmi-centrum.hu\/#website"},"datePublished":"2024-09-30T17:24:52+00:00","dateModified":"2024-10-01T08:47:05+00:00","breadcrumb":{"@id":"https:\/\/allatvedelmi-centrum.hu\/gabor-2\/#breadcrumb"},"inLanguage":"de-DE","potentialAction":[{"@type":"ReadAction","target":["https:\/\/allatvedelmi-centrum.hu\/gabor-2\/"]}]},{"@type":"BreadcrumbList","@id":"https:\/\/allatvedelmi-centrum.hu\/gabor-2\/#breadcrumb","itemListElement":[{"@type":"ListItem","position":1,"name":"Kezd\u0151lap","item":"https:\/\/allatvedelmi-centrum.hu\/"},{"@type":"ListItem","position":2,"name":"Szamanta"}]},{"@type":"WebSite","@id":"https:\/\/allatvedelmi-centrum.hu\/#website","url":"https:\/\/allatvedelmi-centrum.hu\/","name":"\u00c1llatv\u00e9delmi-centrum","description":"","publisher":{"@id":"https:\/\/allatvedelmi-centrum.hu\/#organization"},"potentialAction":[{"@type":"SearchAction","target":{"@type":"EntryPoint","urlTemplate":"https:\/\/allatvedelmi-centrum.hu\/?s={search_term_string}"},"query-input":"required name=search_term_string"}],"inLanguage":"de-DE"},{"@type":"Organization","@id":"https:\/\/allatvedelmi-centrum.hu\/#organization","name":"\u00c1llatv\u00e9delmi-centrum","url":"https:\/\/allatvedelmi-centrum.hu\/","logo":{"@type":"ImageObject","inLanguage":"de-DE","@id":"https:\/\/allatvedelmi-centrum.hu\/#\/schema\/logo\/image\/","url":"https:\/\/allatvedelmi-centrum.hu\/wp-content\/uploads\/2023\/10\/logo-x-1.jpg","contentUrl":"https:\/\/allatvedelmi-centrum.hu\/wp-content\/uploads\/2023\/10\/logo-x-1.jpg","width":1701,"height":425,"caption":"\u00c1llatv\u00e9delmi-centrum"},"image":{"@id":"https:\/\/allatvedelmi-centrum.hu\/#\/schema\/logo\/image\/"}}]}},"_links":{"self":[{"href":"https:\/\/allatvedelmi-centrum.hu\/de\/wp-json\/wp\/v2\/pages\/4107"}],"collection":[{"href":"https:\/\/allatvedelmi-centrum.hu\/de\/wp-json\/wp\/v2\/pages"}],"about":[{"href":"https:\/\/allatvedelmi-centrum.hu\/de\/wp-json\/wp\/v2\/types\/page"}],"author":[{"embeddable":true,"href":"https:\/\/allatvedelmi-centrum.hu\/de\/wp-json\/wp\/v2\/users\/1"}],"replies":[{"embeddable":true,"href":"https:\/\/allatvedelmi-centrum.hu\/de\/wp-json\/wp\/v2\/comments?post=4107"}],"version-history":[{"count":9,"href":"https:\/\/allatvedelmi-centrum.hu\/de\/wp-json\/wp\/v2\/pages\/4107\/revisions"}],"predecessor-version":[{"id":4204,"href":"https:\/\/allatvedelmi-centrum.hu\/de\/wp-json\/wp\/v2\/pages\/4107\/revisions\/4204"}],"wp:attachment":[{"href":"https:\/\/allatvedelmi-centrum.hu\/de\/wp-json\/wp\/v2\/media?parent=4107"}],"curies":[{"name":"wp","href":"https:\/\/api.w.org\/{rel}","templated":true}]}}