{"id":4108,"date":"2024-09-30T17:40:50","date_gmt":"2024-09-30T17:40:50","guid":{"rendered":"https:\/\/allatvedelmi-centrum.hu\/?page_id=4108"},"modified":"2024-10-04T15:28:20","modified_gmt":"2024-10-04T15:28:20","slug":"timea","status":"publish","type":"page","link":"https:\/\/allatvedelmi-centrum.hu\/de\/timea\/","title":{"rendered":"Timea"},"content":{"rendered":"<div data-elementor-type=\"wp-page\" data-elementor-id=\"4108\" class=\"elementor elementor-4108\" data-elementor-post-type=\"page\">\n\t\t\t\t<div class=\"elementor-element elementor-element-208b573 e-con-full e-flex e-con e-parent\" data-id=\"208b573\" data-element_type=\"container\">\n\t\t<div class=\"elementor-element elementor-element-84da339 e-con-full e-flex e-con e-child\" data-id=\"84da339\" data-element_type=\"container\" data-settings=\"{&quot;background_background&quot;:&quot;classic&quot;}\">\n\t\t\t\t<\/div>\n\t\t<div class=\"elementor-element elementor-element-eb7adc0 e-con-full e-flex e-con e-child\" data-id=\"eb7adc0\" data-element_type=\"container\">\n\t\t\t\t<div class=\"elementor-element elementor-element-c4848ad elementor-widget elementor-widget-heading\" data-id=\"c4848ad\" data-element_type=\"widget\" data-widget_type=\"heading.default\">\n\t\t\t\t<div class=\"elementor-widget-container\">\n\t\t\t<h2 class=\"elementor-heading-title elementor-size-default\">Timea<\/h2>\t\t<\/div>\n\t\t\t\t<\/div>\n\t\t\t\t<div class=\"elementor-element elementor-element-bb5c9a3 elementor-widget elementor-widget-text-editor\" data-id=\"bb5c9a3\" data-element_type=\"widget\" data-widget_type=\"text-editor.default\">\n\t\t\t\t<div class=\"elementor-widget-container\">\n\t\t\t\t\t\t\t<p><strong>Ich habe schon immer Tiere geliebt.<\/strong><\/p><p>\u00a0<\/p><p>Mein Leben war nicht immer einfach; ich musste mich vielen Schwierigkeiten stellen. Oft f\u00fchlte ich mich ersch\u00f6pft, aber ich habe immer versucht, stark zu bleiben.<\/p><p>\u00a0<\/p><p>Ein Wendepunkt in meinem Leben war die Ankunft von Barbara, meinem Hund. Sie war der schw\u00e4chste Welpe, den ich je gesehen habe \u2013 so d\u00fcnne Beine, dass sie kaum stehen konnte. Mit der Zeit wuchs Barbara zu einer wundersch\u00f6nen, gro\u00dfen H\u00fcndin heran und wir wurden echte Freunde.<\/p><p>\u00a0<\/p><p>Inzwischen kam auch Peti zu uns, der fast gemeinsam mit Barbara aufwuchs. So wurden wir zu einer gro\u00dfen Familie. Wir haben oft in Tierheimen als Freiwillige gearbeitet, und diese Erfahrungen haben meine Hingabe zu Tieren immer weiter gest\u00e4rkt.<\/p><p>\u00a0<\/p><p>Zu diesem Zeitpunkt wusste ich bereits, dass das, wovon ich immer getr\u00e4umt hatte, darin bestand, mit Tieren zu arbeiten. Also gab ich mit gro\u00dfem Mut meine beiden bisherigen Jobs auf, um das zu tun, was ich wirklich liebe.<\/p><p>\u00a0<\/p><p>Neben den Tieren spielt auch die Kunst eine wichtige Rolle in meinem Leben. Ich male gerne, denn f\u00fcr mich ist das eine besondere Art, meine Liebe zu ihnen auszudr\u00fccken. Die Darstellung von Tieren auf der Leinwand bereitet mir stets Freude und bringt mich ihnen noch n\u00e4her.<\/p><p>\u00a0<\/p><p>Viele sagen, dass es eine besondere Verbindung zwischen mir und den Hunden gibt. Irgendwie sp\u00fcren sie mich immer und n\u00e4hern sich mir mit Zuneigung. Vielleicht liegt es daran, dass auch sie schwierige Momente erlebt haben, und das verbindet uns.<\/p><p>\u00a0<\/p><p>F\u00fcr mich ist das nicht nur Arbeit; es ist genau das, wonach ich immer gesucht habe. Jeder einzelne Tag, den ich mit ihnen verbringen darf, bietet mir die M\u00f6glichkeit, ihnen dabei zu helfen, gl\u00fccklicher und ausgeglichener zu werden, und gleichzeitig halte ich meine Erlebnisse mit ihnen in meiner Kunst fest.<\/p>\t\t\t\t\t\t<\/div>\n\t\t\t\t<\/div>\n\t\t\t\t<\/div>\n\t\t\t\t<\/div>\n\t\t\t\t<\/div>","protected":false},"excerpt":{"rendered":"<p>Timea Mindig is szerettem az \u00e1llatokat \u00a0 Az \u00e9letem nem volt mindig k\u00f6nny\u0171; sok neh\u00e9zs\u00e9ggel kellett megk\u00fczdenem. Gyakran \u00e9reztem magam kimer\u00fcltnek, de mindig pr\u00f3b\u00e1ltam er\u0151s maradni. \u00a0 A sorsom egyik fordul\u00f3pontja Barbara, a kuty\u00e1m \u00e9rkez\u00e9se volt. \u0150 volt a legelesettebb kiskutya, akit valaha l\u00e1ttam, olyan v\u00e9konyka l\u00e1bakkal, hogy alig \u00e1llt meg. Ahogy telt az id\u0151,&hellip; <a class=\"more-link\" href=\"https:\/\/allatvedelmi-centrum.hu\/de\/timea\/\"><span class=\"screen-reader-text\">Timea<\/span> weiterlesen<\/a><\/p>","protected":false},"author":1,"featured_media":0,"parent":0,"menu_order":0,"comment_status":"closed","ping_status":"closed","template":"elementor_header_footer","meta":{"footnotes":""},"acf":[],"_wp_attached_file":null,"_wp_attachment_metadata":null,"_elementor_is_screenshot":null,"_elementor_source_image_hash":null,"_jet_sm_fonts_cache":null,"theplus_transient_widgets":null,"_filter_label":null,"_active_label":null,"_filter_type":null,"_date_source":null,"_is_hierarchical":null,"_ih_source_map":null,"_data_source":null,"_query_switcher_notice":null,"_query_builder_queries_to_switch":null,"_query_builder_query":null,"_query_builder_value_prop":null,"_query_builder_label_prop":null,"_cct_notice":null,"_rating_options":null,"_rating_compare_operand":null,"_source_taxonomy":null,"_terms_relational_operator":null,"_source_post_type":null,"_glossary_id":null,"_glossary_notice":null,"_add_all_option":null,"_all_option_label":null,"_ability_deselect_radio":null,"_show_empty_terms":null,"_only_child":null,"_group_by_parent":null,"_source_custom_field":null,"_source_get_from_field_data":null,"_custom_field_source_plugin":null,"_source_manual_input":null,"_color_image_type":null,"_query_builder_color_prop":null,"_query_builder_image_prop":null,"_color_image_behavior":null,"_source_color_image_input":null,"_source_manual_input_range":null,"_placeholder":null,"_s_placeholder":null,"_is_custom_checkbox":null,"_s_by":null,"_date_format":null,"_date_from_placeholder":null,"_date_to_placeholder":null,"_date_period_type":null,"_date_period_datepicker_button_text":null,"_min_max_date_period_enabled":null,"_min_date_period":null,"_max_date_period":null,"_date_period_start_end_enabled":null,"_date_period_format":null,"_date_period_start_format":null,"_date_period_separator":null,"_date_period_end_format":null,"_range_inputs_enabled":null,"_range_inputs_separators_enabled":null,"_values_prefix":null,"_values_suffix":null,"_values_thousand_sep":null,"_values_decimal_sep":null,"_values_decimal_num":null,"_source_min":null,"_source_max":null,"_source_step":null,"_source_callback":null,"_use_exclude_include":null,"_data_exclude_include":null,"_alphabet_behavior":null,"_alphabet_radio_deselect":null,"_alphabet_options":null,"_query_var":null,"_is_custom_query_var":null,"_custom_query_var":null,"_query_compare":null,"license":null,"_menu_item_type":null,"_menu_item_menu_item_parent":null,"_menu_item_object_id":null,"_menu_item_object":null,"_menu_item_target":null,"_menu_item_classes":null,"_menu_item_xfn":null,"_menu_item_url":null,"_yoast_wpseo_primary_category":null,"_pingme":null,"_encloseme":null,"_elementor_screenshot_failed":null,"_form":null,"_mail":null,"_mail_2":null,"_messages":null,"_additional_settings":null,"_locale":null,"_hash":null,"_edit_last":null,"_edit_lock":"1728055700:1","_wp_trash_meta_status":null,"_wp_trash_meta_time":null,"_wp_desired_post_slug":null,"_yoast_wpseo_estimated-reading-time-minutes":"2","_yoast_wpseo_wordproof_timestamp":"","_wpgb":{"permalink":"","post_format":"","attachment_id":"","gallery_ids":[],"mp3_url":null,"ogg_url":null,"mp4_url":null,"ogv_url":null,"webm_url":null,"embed_video_url":"","video_ratio":"16:9","columns":1,"rows":1,"content_background":"","overlay_background":"","content_color_scheme":"","overlay_color_scheme":""},"_elementor_edit_mode":"builder","_elementor_template_type":"wp-page","_elementor_version":"3.21.4","_elementor_pro_version":"3.21.2","_wp_page_template":"elementor_header_footer","_elementor_data":"[{\"id\":\"208b573\",\"elType\":\"container\",\"settings\":{\"flex_direction\":\"row\",\"flex_gap\":{\"unit\":\"px\",\"size\":0,\"column\":\"0\",\"row\":\"0\"},\"content_width\":\"full\",\"flex_justify_content\":\"center\",\"display_condition_list\":[{\"display_condition_login_status\":\"subscriber\",\"_id\":\"694f665\"}]},\"elements\":[{\"id\":\"84da339\",\"elType\":\"container\",\"settings\":{\"content_width\":\"full\",\"width\":{\"unit\":\"%\",\"size\":46},\"min_height\":{\"unit\":\"px\",\"size\":0,\"sizes\":[]},\"flex_justify_content\":\"center\",\"margin\":{\"unit\":\"px\",\"top\":\"0\",\"right\":\"0\",\"bottom\":\"0\",\"left\":\"0\",\"isLinked\":false},\"padding\":{\"unit\":\"px\",\"top\":\"0\",\"right\":\"0\",\"bottom\":\"0\",\"left\":\"0\",\"isLinked\":false},\"display_condition_list\":[{\"display_condition_login_status\":\"subscriber\",\"_id\":\"6c537b0\"}],\"background_background\":\"classic\",\"background_image\":{\"url\":\"https:\\\/\\\/allatvedelmi-centrum.hu\\\/wp-content\\\/uploads\\\/2024\\\/05\\\/IMG_7840-scaled-e1714930453980-768x1286.jpg\",\"id\":3276,\"size\":\"medium_large\",\"alt\":\"\",\"source\":\"library\"},\"background_size\":\"initial\",\"background_position\":\"center center\",\"background_repeat\":\"no-repeat\",\"background_bg_width\":{\"unit\":\"%\",\"size\":55,\"sizes\":[]}},\"elements\":[],\"isInner\":true},{\"id\":\"eb7adc0\",\"elType\":\"container\",\"settings\":{\"flex_direction\":\"column\",\"content_width\":\"full\",\"width\":{\"unit\":\"%\",\"size\":60},\"display_condition_list\":[{\"display_condition_login_status\":\"subscriber\",\"_id\":\"2b006d5\"}]},\"elements\":[{\"id\":\"c4848ad\",\"elType\":\"widget\",\"settings\":{\"title\":\"Timea\",\"align\":\"center\",\"display_condition_list\":[{\"display_condition_login_status\":\"subscriber\",\"_id\":\"6399c61\"}],\"__globals__\":{\"title_color\":\"globals\\\/colors?id=4646cf5\"}},\"elements\":[],\"widgetType\":\"heading\"},{\"id\":\"bb5c9a3\",\"elType\":\"widget\",\"settings\":{\"editor\":\"<p><strong>Mindig is szerettem az \\u00e1llatokat<\\\/strong><\\\/p><p>\\u00a0<\\\/p><p>Az \\u00e9letem nem volt mindig k\\u00f6nny\\u0171; sok neh\\u00e9zs\\u00e9ggel kellett megk\\u00fczdenem. Gyakran \\u00e9reztem magam kimer\\u00fcltnek, de mindig pr\\u00f3b\\u00e1ltam er\\u0151s maradni.<\\\/p><p>\\u00a0<\\\/p><p>A sorsom egyik fordul\\u00f3pontja Barbara, a kuty\\u00e1m \\u00e9rkez\\u00e9se volt. \\u0150 volt a legelesettebb kiskutya, akit valaha l\\u00e1ttam, olyan v\\u00e9konyka l\\u00e1bakkal, hogy alig \\u00e1llt meg. Ahogy telt az id\\u0151, Barbara gy\\u00f6ny\\u00f6r\\u0171, nagy kuty\\u00e1v\\u00e1 n\\u0151tt, \\u00e9s igazi bar\\u00e1tokk\\u00e1 v\\u00e1ltunk.<\\\/p><p>\\u00a0<\\\/p><p>Id\\u0151 k\\u00f6zben Peti is meg\\u00e9rkezett hozz\\u00e1nk, aki szinte Barbar\\u00e1val egy\\u00fctt n\\u0151tt fel. \\u00cdgy lett\\u00fcnk egy nagy csal\\u00e1d. Sokat j\\u00e1rtunk menhelyekre \\u00f6nk\\u00e9nteskedni, \\u00e9s ezek az \\u00e9lm\\u00e9nyek egyre ink\\u00e1bb meger\\u0151s\\u00edtett\\u00e9k bennem az \\u00e1llatok ir\\u00e1nti elhivatotts\\u00e1got.<\\\/p><p>\\u00a0<\\\/p><p>Ekkor m\\u00e1r tudtam, hogy ez az, amire mindig is v\\u00e1gytam: az \\u00e1llatokkal dolgozni. \\u00cdgy h\\u00e1t nagy b\\u00e1tors\\u00e1ggal feladtam a k\\u00e9t addigi \\u00e1ll\\u00e1somat, hogy azt csin\\u00e1ljam, amit igaz\\u00e1n szeretek.<\\\/p><p>\\u00a0<\\\/p><p>Az \\u00e1llatok mellett a m\\u0171v\\u00e9szet is fontos szerepet j\\u00e1tszik az \\u00e9letemben. Szeretek festeni, sz\\u00e1momra ez egy k\\u00fcl\\u00f6nleges m\\u00f3dja annak, hogy kifejezzem a szeretetemet ir\\u00e1ntuk. Az \\u00e1llatok megjelen\\u00edt\\u00e9se a v\\u00e1sznon mindig \\u00f6r\\u00f6met okoz, \\u00e9s m\\u00e9g ink\\u00e1bb k\\u00f6zelebb hoz hozz\\u00e1juk.<\\\/p><p>\\u00a0<\\\/p><p>Sokan mondj\\u00e1k, hogy k\\u00fcl\\u00f6nleges kapcsolat van k\\u00f6ztem \\u00e9s a kuty\\u00e1k k\\u00f6z\\u00f6tt. \\u0150k valahogy mindig \\u00e9reznek engem, \\u00e9s szeretettel k\\u00f6zel\\u00edtenek hozz\\u00e1m. Tal\\u00e1n az\\u00e9rt, mert nekik is neh\\u00e9z pillanataik voltak, \\u00e9s ez \\u00f6sszek\\u00f6t minket.<\\\/p><p>\\u00a0<\\\/p><p>Sz\\u00e1momra ez nem csup\\u00e1n munka; ez az, amire mindig is v\\u00e1gytam. Minden egyes nap, amit vel\\u00fck t\\u00f6lthetek, lehet\\u0151s\\u00e9get ad arra, hogy seg\\u00edtsek nekik abban, hogy boldogabbak \\u00e9s kiegyens\\u00falyozottabbak legyenek, \\u00e9s k\\u00f6zben a m\\u0171v\\u00e9szetem r\\u00e9v\\u00e9n meg\\u00f6r\\u00f6k\\u00edtsem a vel\\u00fck kapcsolatos \\u00e9lm\\u00e9nyeimet.<\\\/p>\",\"display_condition_list\":[{\"display_condition_login_status\":\"subscriber\",\"_id\":\"2dfd3bc\"}]},\"elements\":[],\"widgetType\":\"text-editor\"}],\"isInner\":true}],\"isInner\":false}]","_elementor_page_assets":{"styles":["widget-heading","widget-text-editor"]},"_yoast_wpseo_content_score":"90","_elementor_css":{"time":1731166554,"fonts":[],"icons":[],"dynamic_elements_ids":[],"status":"file","0":""},"_elementor_page_settings":null,"_elementor_source":null,"_elementor_conditions":null,"_elementor_screenshot":null,"Ivara":null,"kora":null,"sz\u00edne":null,"ivartalanitott":null,"magasaga":null,"kutya_szama":null,"nemet leiras":null,"_thumbnail_id":null,"nemet_bemutato":null,"yoast_head":"<!-- This site is optimized with the Yoast SEO Premium plugin v22.6 (Yoast SEO v22.6) - https:\/\/yoast.com\/wordpress\/plugins\/seo\/ -->\n<title>Timea - \u00c1llatv\u00e9delmi-centrum<\/title>\n<meta name=\"robots\" content=\"index, follow, max-snippet:-1, max-image-preview:large, max-video-preview:-1\" \/>\n<link rel=\"canonical\" href=\"https:\/\/allatvedelmi-centrum.hu\/de\/timea\/\" \/>\n<meta property=\"og:locale\" content=\"de_DE\" \/>\n<meta property=\"og:type\" content=\"article\" \/>\n<meta property=\"og:title\" content=\"Timea\" \/>\n<meta property=\"og:description\" content=\"Timea Mindig is szerettem az \u00e1llatokat \u00a0 Az \u00e9letem nem volt mindig k\u00f6nny\u0171; sok neh\u00e9zs\u00e9ggel kellett megk\u00fczdenem. Gyakran \u00e9reztem magam kimer\u00fcltnek, de mindig pr\u00f3b\u00e1ltam er\u0151s maradni. \u00a0 A sorsom egyik fordul\u00f3pontja Barbara, a kuty\u00e1m \u00e9rkez\u00e9se volt. \u0150 volt a legelesettebb kiskutya, akit valaha l\u00e1ttam, olyan v\u00e9konyka l\u00e1bakkal, hogy alig \u00e1llt meg. Ahogy telt az id\u0151,&hellip; Timea weiterlesen\" \/>\n<meta property=\"og:url\" content=\"https:\/\/allatvedelmi-centrum.hu\/de\/timea\/\" \/>\n<meta property=\"og:site_name\" content=\"\u00c1llatv\u00e9delmi-centrum\" \/>\n<meta property=\"article:modified_time\" content=\"2024-10-04T15:28:20+00:00\" \/>\n<meta name=\"twitter:card\" content=\"summary_large_image\" \/>\n<meta name=\"twitter:label1\" content=\"Gesch\u00e4tzte Lesezeit\" \/>\n\t<meta name=\"twitter:data1\" content=\"2 Minuten\" \/>\n<script type=\"application\/ld+json\" class=\"yoast-schema-graph\">{\"@context\":\"https:\/\/schema.org\",\"@graph\":[{\"@type\":\"WebPage\",\"@id\":\"https:\/\/allatvedelmi-centrum.hu\/timea\/\",\"url\":\"https:\/\/allatvedelmi-centrum.hu\/timea\/\",\"name\":\"Timea - \u00c1llatv\u00e9delmi-centrum\",\"isPartOf\":{\"@id\":\"https:\/\/allatvedelmi-centrum.hu\/#website\"},\"datePublished\":\"2024-09-30T17:40:50+00:00\",\"dateModified\":\"2024-10-04T15:28:20+00:00\",\"breadcrumb\":{\"@id\":\"https:\/\/allatvedelmi-centrum.hu\/timea\/#breadcrumb\"},\"inLanguage\":\"de-DE\",\"potentialAction\":[{\"@type\":\"ReadAction\",\"target\":[\"https:\/\/allatvedelmi-centrum.hu\/timea\/\"]}]},{\"@type\":\"BreadcrumbList\",\"@id\":\"https:\/\/allatvedelmi-centrum.hu\/timea\/#breadcrumb\",\"itemListElement\":[{\"@type\":\"ListItem\",\"position\":1,\"name\":\"Kezd\u0151lap\",\"item\":\"https:\/\/allatvedelmi-centrum.hu\/\"},{\"@type\":\"ListItem\",\"position\":2,\"name\":\"Timea\"}]},{\"@type\":\"WebSite\",\"@id\":\"https:\/\/allatvedelmi-centrum.hu\/#website\",\"url\":\"https:\/\/allatvedelmi-centrum.hu\/\",\"name\":\"\u00c1llatv\u00e9delmi-centrum\",\"description\":\"\",\"publisher\":{\"@id\":\"https:\/\/allatvedelmi-centrum.hu\/#organization\"},\"potentialAction\":[{\"@type\":\"SearchAction\",\"target\":{\"@type\":\"EntryPoint\",\"urlTemplate\":\"https:\/\/allatvedelmi-centrum.hu\/?s={search_term_string}\"},\"query-input\":\"required name=search_term_string\"}],\"inLanguage\":\"de-DE\"},{\"@type\":\"Organization\",\"@id\":\"https:\/\/allatvedelmi-centrum.hu\/#organization\",\"name\":\"\u00c1llatv\u00e9delmi-centrum\",\"url\":\"https:\/\/allatvedelmi-centrum.hu\/\",\"logo\":{\"@type\":\"ImageObject\",\"inLanguage\":\"de-DE\",\"@id\":\"https:\/\/allatvedelmi-centrum.hu\/#\/schema\/logo\/image\/\",\"url\":\"https:\/\/allatvedelmi-centrum.hu\/wp-content\/uploads\/2023\/10\/logo-x-1.jpg\",\"contentUrl\":\"https:\/\/allatvedelmi-centrum.hu\/wp-content\/uploads\/2023\/10\/logo-x-1.jpg\",\"width\":1701,\"height\":425,\"caption\":\"\u00c1llatv\u00e9delmi-centrum\"},\"image\":{\"@id\":\"https:\/\/allatvedelmi-centrum.hu\/#\/schema\/logo\/image\/\"}}]}<\/script>\n<!-- \/ Yoast SEO Premium plugin. -->","yoast_head_json":{"title":"Timea - \u00c1llatv\u00e9delmi-centrum","robots":{"index":"index","follow":"follow","max-snippet":"max-snippet:-1","max-image-preview":"max-image-preview:large","max-video-preview":"max-video-preview:-1"},"canonical":"https:\/\/allatvedelmi-centrum.hu\/de\/timea\/","og_locale":"de_DE","og_type":"article","og_title":"Timea","og_description":"Timea Mindig is szerettem az \u00e1llatokat \u00a0 Az \u00e9letem nem volt mindig k\u00f6nny\u0171; sok neh\u00e9zs\u00e9ggel kellett megk\u00fczdenem. Gyakran \u00e9reztem magam kimer\u00fcltnek, de mindig pr\u00f3b\u00e1ltam er\u0151s maradni. \u00a0 A sorsom egyik fordul\u00f3pontja Barbara, a kuty\u00e1m \u00e9rkez\u00e9se volt. \u0150 volt a legelesettebb kiskutya, akit valaha l\u00e1ttam, olyan v\u00e9konyka l\u00e1bakkal, hogy alig \u00e1llt meg. Ahogy telt az id\u0151,&hellip; Timea weiterlesen","og_url":"https:\/\/allatvedelmi-centrum.hu\/de\/timea\/","og_site_name":"\u00c1llatv\u00e9delmi-centrum","article_modified_time":"2024-10-04T15:28:20+00:00","twitter_card":"summary_large_image","twitter_misc":{"Gesch\u00e4tzte Lesezeit":"2 Minuten"},"schema":{"@context":"https:\/\/schema.org","@graph":[{"@type":"WebPage","@id":"https:\/\/allatvedelmi-centrum.hu\/timea\/","url":"https:\/\/allatvedelmi-centrum.hu\/timea\/","name":"Timea - \u00c1llatv\u00e9delmi-centrum","isPartOf":{"@id":"https:\/\/allatvedelmi-centrum.hu\/#website"},"datePublished":"2024-09-30T17:40:50+00:00","dateModified":"2024-10-04T15:28:20+00:00","breadcrumb":{"@id":"https:\/\/allatvedelmi-centrum.hu\/timea\/#breadcrumb"},"inLanguage":"de-DE","potentialAction":[{"@type":"ReadAction","target":["https:\/\/allatvedelmi-centrum.hu\/timea\/"]}]},{"@type":"BreadcrumbList","@id":"https:\/\/allatvedelmi-centrum.hu\/timea\/#breadcrumb","itemListElement":[{"@type":"ListItem","position":1,"name":"Kezd\u0151lap","item":"https:\/\/allatvedelmi-centrum.hu\/"},{"@type":"ListItem","position":2,"name":"Timea"}]},{"@type":"WebSite","@id":"https:\/\/allatvedelmi-centrum.hu\/#website","url":"https:\/\/allatvedelmi-centrum.hu\/","name":"\u00c1llatv\u00e9delmi-centrum","description":"","publisher":{"@id":"https:\/\/allatvedelmi-centrum.hu\/#organization"},"potentialAction":[{"@type":"SearchAction","target":{"@type":"EntryPoint","urlTemplate":"https:\/\/allatvedelmi-centrum.hu\/?s={search_term_string}"},"query-input":"required name=search_term_string"}],"inLanguage":"de-DE"},{"@type":"Organization","@id":"https:\/\/allatvedelmi-centrum.hu\/#organization","name":"\u00c1llatv\u00e9delmi-centrum","url":"https:\/\/allatvedelmi-centrum.hu\/","logo":{"@type":"ImageObject","inLanguage":"de-DE","@id":"https:\/\/allatvedelmi-centrum.hu\/#\/schema\/logo\/image\/","url":"https:\/\/allatvedelmi-centrum.hu\/wp-content\/uploads\/2023\/10\/logo-x-1.jpg","contentUrl":"https:\/\/allatvedelmi-centrum.hu\/wp-content\/uploads\/2023\/10\/logo-x-1.jpg","width":1701,"height":425,"caption":"\u00c1llatv\u00e9delmi-centrum"},"image":{"@id":"https:\/\/allatvedelmi-centrum.hu\/#\/schema\/logo\/image\/"}}]}},"_links":{"self":[{"href":"https:\/\/allatvedelmi-centrum.hu\/de\/wp-json\/wp\/v2\/pages\/4108"}],"collection":[{"href":"https:\/\/allatvedelmi-centrum.hu\/de\/wp-json\/wp\/v2\/pages"}],"about":[{"href":"https:\/\/allatvedelmi-centrum.hu\/de\/wp-json\/wp\/v2\/types\/page"}],"author":[{"embeddable":true,"href":"https:\/\/allatvedelmi-centrum.hu\/de\/wp-json\/wp\/v2\/users\/1"}],"replies":[{"embeddable":true,"href":"https:\/\/allatvedelmi-centrum.hu\/de\/wp-json\/wp\/v2\/comments?post=4108"}],"version-history":[{"count":16,"href":"https:\/\/allatvedelmi-centrum.hu\/de\/wp-json\/wp\/v2\/pages\/4108\/revisions"}],"predecessor-version":[{"id":4208,"href":"https:\/\/allatvedelmi-centrum.hu\/de\/wp-json\/wp\/v2\/pages\/4108\/revisions\/4208"}],"wp:attachment":[{"href":"https:\/\/allatvedelmi-centrum.hu\/de\/wp-json\/wp\/v2\/media?parent=4108"}],"curies":[{"name":"wp","href":"https:\/\/api.w.org\/{rel}","templated":true}]}}