{"id":918,"date":"2023-11-15T19:15:33","date_gmt":"2023-11-15T19:15:33","guid":{"rendered":"https:\/\/proba.allatvedelmi-centrum.hu\/?page_id=918"},"modified":"2023-11-16T17:00:10","modified_gmt":"2023-11-16T17:00:10","slug":"elementor-918","status":"publish","type":"page","link":"https:\/\/allatvedelmi-centrum.hu\/de\/elementor-918\/","title":{"rendered":"Dienstleistungen"},"content":{"rendered":"<div data-elementor-type=\"wp-page\" data-elementor-id=\"918\" class=\"elementor elementor-918\" data-elementor-post-type=\"page\">\n\t\t\t\t<div class=\"elementor-element elementor-element-3916388 e-con-full e-flex e-con e-parent\" data-id=\"3916388\" data-element_type=\"container\" data-settings=\"{&quot;background_background&quot;:&quot;classic&quot;}\">\n\t\t\t\t<\/div>\n\t\t<div class=\"elementor-element elementor-element-2fd9eb0 e-flex e-con-boxed e-con e-parent\" data-id=\"2fd9eb0\" data-element_type=\"container\">\n\t\t\t\t\t<div class=\"e-con-inner\">\n\t\t\t\t<div class=\"elementor-element elementor-element-852fffd elementor-widget elementor-widget-spacer\" data-id=\"852fffd\" data-element_type=\"widget\" data-widget_type=\"spacer.default\">\n\t\t\t\t<div class=\"elementor-widget-container\">\n\t\t\t\t\t<div class=\"elementor-spacer\">\n\t\t\t<div class=\"elementor-spacer-inner\"><\/div>\n\t\t<\/div>\n\t\t\t\t<\/div>\n\t\t\t\t<\/div>\n\t\t\t\t\t<\/div>\n\t\t\t\t<\/div>\n\t\t<div class=\"elementor-element elementor-element-f9276db e-flex e-con-boxed e-con e-parent\" data-id=\"f9276db\" data-element_type=\"container\" data-settings=\"{&quot;background_background&quot;:&quot;classic&quot;}\">\n\t\t\t\t\t<div class=\"e-con-inner\">\n\t\t\t\t<div class=\"elementor-element elementor-element-89cc81d uael-post__news-stack-no elementor-widget elementor-widget-uael-posts\" data-id=\"89cc81d\" data-element_type=\"widget\" data-settings=\"{&quot;news_slides_to_show&quot;:1,&quot;news_slides_to_show_tablet&quot;:2,&quot;news_slides_to_show_mobile&quot;:1}\" data-widget_type=\"uael-posts.news\">\n\t\t\t\t<div class=\"elementor-widget-container\">\n\t\t\t\t\t<div class=\"uael-post__header\">\n\t\t\t\t\t<\/div>\n\t\t<div class=\"uael-post__body\">\n\t\t\t\n\t\t<div class=\"uael-post-image-right uael-post-grid uael-posts uael-post_structure-featured uael-featured_post_structure-\" data-query-type=\"custom\" data-structure=\"featured\" data-layout=\"\" data-page=\"0\" data-skin=\"news\" data-filter-default=\"\" data-offset-top=\"30\" >\n\n\t\t\t\n\n<div class=\"uael-post-wrapper  image-ratio-set uael-post-wrapper-featured\">\n\t<div class=\"uael-post__bg-wrap\">\n\t\t\n\t\t\n\t\t<div class=\"uael-post__inner-wrap\">\n\n\t\t\t\t<div class=\"uael-post__thumbnail\">\n\t\t\t<a target=\"_self\" href=\"https:\/\/allatvedelmi-centrum.hu\/de\/szolgaltatas\/viselkedesi-terapia\/\" title=\"Verhaltenstherapie\" style=\"background-image: url(&#039;https:\/\/allatvedelmi-centrum.hu\/wp-content\/uploads\/2023\/11\/dog-in-front-of-a-man-e1700153668473.png&#039;);\">\n\t\t\t\t\t\t\t\t<\/a>\n\t\t<\/div>\n\t\t\n\t\t\t\n\t\t\t<div class=\"uael-post__content-wrap\">\n\t\t\t\t<div class=\"uael-post__terms-wrap\">\n\t\t\t\t\t\t\t\t\t<\/div>\n\t\t\t\t\t<h5 class=\"uael-post__title\">\n\n\t\t\t\t\tVerhaltenstherapie\t\t\t\t<\/h5>\n\t\t\n\t\t<div class=\"uael-post__meta-data\">\n\n\t\t\n\t\t<\/div>\n\n\t\t\t\t\t<a class=\"uael-post__read-more elementor-button\" href=\"https:\/\/allatvedelmi-centrum.hu\/de\/szolgaltatas\/viselkedesi-terapia\/\" target=\"_self\" aria-labelledby=\"uael-post-735\">\n\t\t\t\t\t<span class=\"elementor-button-content-wrapper\">\n\t\t\t\t\t\t\t\t\t\t\t\t\t\t<span class=\"elementor-button-icon elementor-align-icon-left\">\n\n\t\t\t\t\t\t\t\t\t\n\t\t\t\t\t\t\t\t<\/span>\n\t\t\t\t\t\t\t\t\t\t\t\t\t\n\t\t\t\t\t\t<span class=\"elementor-button-text\" id=\"uael-post-735\">Weiterlesen<\/span>\n\t\t\t\t\t<\/span>\n\t\t\t\t<\/a>\n\t\t\t\t\t\t<\/div>\n\t\t\t\n\t\t<\/div>\n\t\t\n\t<\/div>\n\n<\/div>\n\n\t\t\t\t\t\t<div class=\"uael-post-grid__inner uael-post__columns-1 uael-post__columns-tablet-2 uael-post__columns-mobile-1\">\n\t\t\t\n\n<div class=\"uael-post-wrapper\">\n\t<div class=\"uael-post__bg-wrap\">\n\t\t\n\t\t\n\t\t<div class=\"uael-post__inner-wrap\">\n\n\t\t\t\t<div class=\"uael-post__thumbnail\">\n\t\t\t<a target=\"_self\" href=\"https:\/\/allatvedelmi-centrum.hu\/de\/szolgaltatas\/kozmetika\/\" title=\"Hunde-Kosmetik\" style=\"background-image: url(&#039;https:\/\/allatvedelmi-centrum.hu\/wp-content\/uploads\/2023\/11\/washing-dog_91508-1-e1700153265163.png&#039;);\">\n\t\t\t\t\t\t\t\t<\/a>\n\t\t<\/div>\n\t\t\n\t\t\t\n\t\t\t<div class=\"uael-post__content-wrap\">\n\t\t\t\t<div class=\"uael-post__terms-wrap\">\n\t\t\t\t\t\t\t\t\t<\/div>\n\t\t\t\t\t<h5 class=\"uael-post__title\">\n\n\t\t\t\t\tHunde-Kosmetik\t\t\t\t<\/h5>\n\t\t\t\t\t<div class=\"uael-post__meta-data\">\n\t\t\t\t\t<\/div>\n\t\t\t\t\t<a class=\"uael-post__read-more elementor-button\" href=\"https:\/\/allatvedelmi-centrum.hu\/de\/szolgaltatas\/kozmetika\/\" target=\"_self\" aria-labelledby=\"uael-post-741\">\n\t\t\t\t\t<span class=\"elementor-button-content-wrapper\">\n\t\t\t\t\t\t\t\t\t\t\t\t\t\t<span class=\"elementor-button-icon elementor-align-icon-left\">\n\n\t\t\t\t\t\t\t\t\t\n\t\t\t\t\t\t\t\t<\/span>\n\t\t\t\t\t\t\t\t\t\t\t\t\t\n\t\t\t\t\t\t<span class=\"elementor-button-text\" id=\"uael-post-741\">Weiterlesen<\/span>\n\t\t\t\t\t<\/span>\n\t\t\t\t<\/a>\n\t\t\t\t\t\t<\/div>\n\t\t\t\n\t\t<\/div>\n\t\t\n\t<\/div>\n\n<\/div>\n\n\n<div class=\"uael-post-wrapper\">\n\t<div class=\"uael-post__bg-wrap\">\n\t\t\n\t\t\n\t\t<div class=\"uael-post__inner-wrap\">\n\n\t\t\t\t<div class=\"uael-post__thumbnail\">\n\t\t\t<a target=\"_self\" href=\"https:\/\/allatvedelmi-centrum.hu\/de\/szolgaltatas\/kutya-iskola\/\" title=\"Hundeschule\" style=\"background-image: url(&#039;https:\/\/allatvedelmi-centrum.hu\/wp-content\/uploads\/2023\/11\/dog-puppy-sitting-in-front-of-his-man-1-e1700153611115.png&#039;);\">\n\t\t\t\t\t\t\t\t<\/a>\n\t\t<\/div>\n\t\t\n\t\t\t\n\t\t\t<div class=\"uael-post__content-wrap\">\n\t\t\t\t<div class=\"uael-post__terms-wrap\">\n\t\t\t\t\t\t\t\t\t<\/div>\n\t\t\t\t\t<h5 class=\"uael-post__title\">\n\n\t\t\t\t\tHundeschule\t\t\t\t<\/h5>\n\t\t\t\t\t<div class=\"uael-post__meta-data\">\n\t\t\t\t\t<\/div>\n\t\t\t\t\t<a class=\"uael-post__read-more elementor-button\" href=\"https:\/\/allatvedelmi-centrum.hu\/de\/szolgaltatas\/kutya-iskola\/\" target=\"_self\" aria-labelledby=\"uael-post-739\">\n\t\t\t\t\t<span class=\"elementor-button-content-wrapper\">\n\t\t\t\t\t\t\t\t\t\t\t\t\t\t<span class=\"elementor-button-icon elementor-align-icon-left\">\n\n\t\t\t\t\t\t\t\t\t\n\t\t\t\t\t\t\t\t<\/span>\n\t\t\t\t\t\t\t\t\t\t\t\t\t\n\t\t\t\t\t\t<span class=\"elementor-button-text\" id=\"uael-post-739\">Weiterlesen<\/span>\n\t\t\t\t\t<\/span>\n\t\t\t\t<\/a>\n\t\t\t\t\t\t<\/div>\n\t\t\t\n\t\t<\/div>\n\t\t\n\t<\/div>\n\n<\/div>\n\n\n<div class=\"uael-post-wrapper\">\n\t<div class=\"uael-post__bg-wrap\">\n\t\t\n\t\t\n\t\t<div class=\"uael-post__inner-wrap\">\n\n\t\t\t\t<div class=\"uael-post__thumbnail\">\n\t\t\t<a target=\"_self\" href=\"https:\/\/allatvedelmi-centrum.hu\/de\/szolgaltatas\/panzio\/\" title=\"Hunde-Pension\" style=\"background-image: url(&#039;https:\/\/allatvedelmi-centrum.hu\/wp-content\/uploads\/2023\/11\/dog-and-pets-house-e1700153695453.png&#039;);\">\n\t\t\t\t\t\t\t\t<\/a>\n\t\t<\/div>\n\t\t\n\t\t\t\n\t\t\t<div class=\"uael-post__content-wrap\">\n\t\t\t\t<div class=\"uael-post__terms-wrap\">\n\t\t\t\t\t\t\t\t\t<\/div>\n\t\t\t\t\t<h5 class=\"uael-post__title\">\n\n\t\t\t\t\tHunde-Pension\t\t\t\t<\/h5>\n\t\t\t\t\t<div class=\"uael-post__meta-data\">\n\t\t\t\t\t<\/div>\n\t\t\t\t\t<a class=\"uael-post__read-more elementor-button\" href=\"https:\/\/allatvedelmi-centrum.hu\/de\/szolgaltatas\/panzio\/\" target=\"_self\" aria-labelledby=\"uael-post-733\">\n\t\t\t\t\t<span class=\"elementor-button-content-wrapper\">\n\t\t\t\t\t\t\t\t\t\t\t\t\t\t<span class=\"elementor-button-icon elementor-align-icon-left\">\n\n\t\t\t\t\t\t\t\t\t\n\t\t\t\t\t\t\t\t<\/span>\n\t\t\t\t\t\t\t\t\t\t\t\t\t\n\t\t\t\t\t\t<span class=\"elementor-button-text\" id=\"uael-post-733\">Weiterlesen<\/span>\n\t\t\t\t\t<\/span>\n\t\t\t\t<\/a>\n\t\t\t\t\t\t<\/div>\n\t\t\t\n\t\t<\/div>\n\t\t\n\t<\/div>\n\n<\/div>\n\n\n<div class=\"uael-post-wrapper\">\n\t<div class=\"uael-post__bg-wrap\">\n\t\t\n\t\t\n\t\t<div class=\"uael-post__inner-wrap\">\n\n\t\t\t\t<div class=\"uael-post__thumbnail\">\n\t\t\t<a target=\"_self\" href=\"https:\/\/allatvedelmi-centrum.hu\/de\/szolgaltatas\/egeszsegugyi-tanacsadas\/\" title=\"Gesundheitsberatung\" style=\"background-image: url(&#039;https:\/\/allatvedelmi-centrum.hu\/wp-content\/uploads\/2023\/11\/dog-with-first-aid-kit-bag1-e1700153642957.png&#039;);\">\n\t\t\t\t\t\t\t\t<\/a>\n\t\t<\/div>\n\t\t\n\t\t\t\n\t\t\t<div class=\"uael-post__content-wrap\">\n\t\t\t\t<div class=\"uael-post__terms-wrap\">\n\t\t\t\t\t\t\t\t\t<\/div>\n\t\t\t\t\t<h5 class=\"uael-post__title\">\n\n\t\t\t\t\tGesundheitsberatung\t\t\t\t<\/h5>\n\t\t\t\t\t<div class=\"uael-post__meta-data\">\n\t\t\t\t\t<\/div>\n\t\t\t\t\t<a class=\"uael-post__read-more elementor-button\" href=\"https:\/\/allatvedelmi-centrum.hu\/de\/szolgaltatas\/egeszsegugyi-tanacsadas\/\" target=\"_self\" aria-labelledby=\"uael-post-737\">\n\t\t\t\t\t<span class=\"elementor-button-content-wrapper\">\n\t\t\t\t\t\t\t\t\t\t\t\t\t\t<span class=\"elementor-button-icon elementor-align-icon-left\">\n\n\t\t\t\t\t\t\t\t\t\n\t\t\t\t\t\t\t\t<\/span>\n\t\t\t\t\t\t\t\t\t\t\t\t\t\n\t\t\t\t\t\t<span class=\"elementor-button-text\" id=\"uael-post-737\">Weiterlesen<\/span>\n\t\t\t\t\t<\/span>\n\t\t\t\t<\/a>\n\t\t\t\t\t\t<\/div>\n\t\t\t\n\t\t<\/div>\n\t\t\n\t<\/div>\n\n<\/div>\n\t\t\t\t<\/div>\n\t\t\t\n\t\t<\/div>\n\t\t\t\t<\/div>\n\t\t<div class=\"uael-post__footer\">\n\t\t\t\t\t<\/div>\n\t\t\t\t<\/div>\n\t\t\t\t<\/div>\n\t\t\t\t\t<\/div>\n\t\t\t\t<\/div>\n\t\t<div class=\"elementor-element elementor-element-7d10bea e-flex e-con-boxed e-con e-parent\" data-id=\"7d10bea\" data-element_type=\"container\">\n\t\t\t\t\t<div class=\"e-con-inner\">\n\t\t<div class=\"elementor-element elementor-element-e8ba458 e-flex e-con-boxed e-con e-child\" data-id=\"e8ba458\" data-element_type=\"container\">\n\t\t\t\t\t<div class=\"e-con-inner\">\n\t\t\t\t\t<\/div>\n\t\t\t\t<\/div>\n\t\t\t\t\t<\/div>\n\t\t\t\t<\/div>\n\t\t\t\t<\/div>","protected":false},"excerpt":{"rendered":"<p>Viselked\u00e9si Ter\u00e1pia Olvass tov\u00e1bb Panzi\u00f3 Olvass tov\u00e1bb Eg\u00e9szs\u00e9g\u00fcgyi tan\u00e1csad\u00e1s Olvass tov\u00e1bb Kozmetika Olvass tov\u00e1bb Kutya Iskola Olvass tov\u00e1bb<\/p>","protected":false},"author":1,"featured_media":0,"parent":0,"menu_order":0,"comment_status":"closed","ping_status":"closed","template":"elementor_header_footer","meta":{"footnotes":""},"acf":[],"_wp_attached_file":null,"_wp_attachment_metadata":null,"_elementor_is_screenshot":null,"_elementor_source_image_hash":null,"_jet_sm_fonts_cache":null,"theplus_transient_widgets":null,"_filter_label":null,"_active_label":null,"_filter_type":null,"_date_source":null,"_is_hierarchical":null,"_ih_source_map":null,"_data_source":null,"_query_switcher_notice":null,"_query_builder_queries_to_switch":null,"_query_builder_query":null,"_query_builder_value_prop":null,"_query_builder_label_prop":null,"_cct_notice":null,"_rating_options":null,"_rating_compare_operand":null,"_source_taxonomy":null,"_terms_relational_operator":null,"_source_post_type":null,"_glossary_id":null,"_glossary_notice":null,"_add_all_option":null,"_all_option_label":null,"_ability_deselect_radio":null,"_show_empty_terms":null,"_only_child":null,"_group_by_parent":null,"_source_custom_field":null,"_source_get_from_field_data":null,"_custom_field_source_plugin":null,"_source_manual_input":null,"_color_image_type":null,"_query_builder_color_prop":null,"_query_builder_image_prop":null,"_color_image_behavior":null,"_source_color_image_input":null,"_source_manual_input_range":null,"_placeholder":null,"_s_placeholder":null,"_is_custom_checkbox":null,"_s_by":null,"_date_format":null,"_date_from_placeholder":null,"_date_to_placeholder":null,"_date_period_type":null,"_date_period_datepicker_button_text":null,"_min_max_date_period_enabled":null,"_min_date_period":null,"_max_date_period":null,"_date_period_start_end_enabled":null,"_date_period_format":null,"_date_period_start_format":null,"_date_period_separator":null,"_date_period_end_format":null,"_range_inputs_enabled":null,"_range_inputs_separators_enabled":null,"_values_prefix":null,"_values_suffix":null,"_values_thousand_sep":null,"_values_decimal_sep":null,"_values_decimal_num":null,"_source_min":null,"_source_max":null,"_source_step":null,"_source_callback":null,"_use_exclude_include":null,"_data_exclude_include":null,"_alphabet_behavior":null,"_alphabet_radio_deselect":null,"_alphabet_options":null,"_query_var":null,"_is_custom_query_var":null,"_custom_query_var":null,"_query_compare":null,"license":null,"_menu_item_type":null,"_menu_item_menu_item_parent":null,"_menu_item_object_id":null,"_menu_item_object":null,"_menu_item_target":null,"_menu_item_classes":null,"_menu_item_xfn":null,"_menu_item_url":null,"_yoast_wpseo_primary_category":null,"_pingme":null,"_encloseme":null,"_elementor_screenshot_failed":null,"_form":null,"_mail":null,"_mail_2":null,"_messages":null,"_additional_settings":null,"_locale":null,"_hash":null,"_edit_last":"1","_edit_lock":"1700504223:1","_wp_trash_meta_status":null,"_wp_trash_meta_time":null,"_wp_desired_post_slug":null,"_yoast_wpseo_estimated-reading-time-minutes":"1","_yoast_wpseo_wordproof_timestamp":"","_wpgb":{"permalink":"","post_format":"","attachment_id":"","gallery_ids":[],"mp3_url":null,"ogg_url":null,"mp4_url":null,"ogv_url":null,"webm_url":null,"embed_video_url":"","video_ratio":"16:9","columns":1,"rows":1,"content_background":"","overlay_background":"","content_color_scheme":"","overlay_color_scheme":""},"_elementor_edit_mode":"builder","_elementor_template_type":"wp-page","_elementor_version":"3.17.1","_elementor_pro_version":"3.17.0","_wp_page_template":"elementor_header_footer","_elementor_data":"[{\"id\":\"3916388\",\"elType\":\"container\",\"settings\":{\"flex_direction\":\"column\",\"content_width\":\"full\",\"min_height\":{\"unit\":\"px\",\"size\":300,\"sizes\":[]},\"background_background\":\"classic\",\"background_image\":{\"url\":\"https:\\\/\\\/proba.allatvedelmi-centrum.hu\\\/wp-content\\\/uploads\\\/2023\\\/11\\\/login-background.jpg\",\"id\":438,\"size\":\"\",\"alt\":\"\",\"source\":\"library\"},\"background_position\":\"center center\",\"background_repeat\":\"no-repeat\",\"background_size\":\"cover\",\"jet_parallax_layout_list\":[],\"__dynamic__\":[]},\"elements\":[{\"id\":\"20f7be2\",\"elType\":\"widget\",\"settings\":{\"__dynamic__\":{\"title\":\"[elementor-tag id=\\\"\\\" name=\\\"page-title\\\" settings=\\\"%7B%22include_context%22%3A%22%22%2C%22show_home_title%22%3A%22%22%2C%22before%22%3A%22%22%2C%22after%22%3A%22%22%2C%22fallback%22%3A%22%22%7D\\\"]\"},\"title\":\"Add meg itt a c\\u00edmsor sz\\u00f6veg\\u00e9t\",\"align\":\"center\",\"title_color\":\"#FFFFFF\",\"text_shadow_text_shadow_type\":\"yes\",\"_margin\":{\"unit\":\"%\",\"top\":\"0\",\"right\":\"0\",\"bottom\":\"0\",\"left\":\"0\",\"isLinked\":false},\"_margin_tablet\":{\"unit\":\"%\",\"top\":\"\",\"right\":\"\",\"bottom\":\"\",\"left\":\"\",\"isLinked\":true},\"_margin_mobile\":{\"unit\":\"%\",\"top\":\"\",\"right\":\"\",\"bottom\":\"\",\"left\":\"\",\"isLinked\":true},\"_padding\":{\"unit\":\"px\",\"top\":\"50\",\"right\":\"0\",\"bottom\":\"0\",\"left\":\"0\",\"isLinked\":false},\"display_condition_list\":[{\"display_condition_login_status\":\"subscriber\",\"_id\":\"0bf755a\"}],\"__globals__\":{\"title_color\":\"\"}},\"elements\":[],\"widgetType\":\"theme-page-title\"}],\"isInner\":false},{\"id\":\"2fd9eb0\",\"elType\":\"container\",\"settings\":{\"jet_parallax_layout_list\":[]},\"elements\":[{\"id\":\"852fffd\",\"elType\":\"widget\",\"settings\":{\"display_condition_list\":[{\"display_condition_login_status\":\"subscriber\",\"_id\":\"974a949\"}]},\"elements\":[],\"widgetType\":\"spacer\"}],\"isInner\":false},{\"id\":\"f9276db\",\"elType\":\"container\",\"settings\":{\"flex_direction\":\"column\",\"jet_parallax_layout_list\":[],\"background_background\":\"classic\",\"__globals__\":{\"background_color\":\"globals\\\/colors?id=70d7a1b\"}},\"elements\":[{\"id\":\"89cc81d\",\"elType\":\"widget\",\"settings\":{\"_skin\":\"news\",\"classic_posts_per_page\":5,\"classic_slides_to_show\":5,\"news_posts_per_page\":5,\"post_type_filter\":\"szolgaltatas\",\"ignore_sticky_posts\":\"\",\"orderby\":\"rand\",\"no_results_text\":\"Sorry, we couldn't find any posts. Please try a different search.\",\"classic_filters_all_text\":\"All\",\"classic_cat_meta_term_divider\":\"|\",\"classic_tag_meta_term_divider\":\"|\",\"classic_term_divider\":\"|\",\"classic_cta_text\":\"Read More \\u2192\",\"classic_load_more_text\":\"Load More\",\"classic_publisher_name\":\"Name of the publisher\",\"event_filters_all_text\":\"All\",\"event_cat_meta_term_divider\":\"|\",\"event_tag_meta_term_divider\":\"|\",\"event_cta_text\":\"Read More \\u2192\",\"event_load_more_text\":\"Load More\",\"event_publisher_name\":\"Name of the publisher\",\"card_filters_all_text\":\"All\",\"card_cat_meta_term_divider\":\"|\",\"card_tag_meta_term_divider\":\"|\",\"card_cta_text\":\"Read More \\u2192\",\"card_load_more_text\":\"Load More\",\"card_publisher_name\":\"Name of the publisher\",\"feed_filters_all_text\":\"All\",\"feed_cat_meta_term_divider\":\"|\",\"feed_tag_meta_term_divider\":\"|\",\"feed_term_divider\":\"|\",\"feed_cta_text\":\"Read More \\u2192\",\"feed_load_more_text\":\"Load More\",\"feed_publisher_name\":\"Name of the publisher\",\"news_filters_all_text\":\"All\",\"news__f_meta\":[],\"news__f_excerpt_length\":30,\"news_link_title\":\"\",\"news_show_date\":\"\",\"news_show_comments\":\"\",\"news_cat_meta_term_divider\":\"|\",\"news_tag_meta_term_divider\":\"|\",\"news_show_taxonomy\":\"\",\"news_term_divider\":\"|\",\"news_show_cta\":\"yes\",\"news_cta_text\":\"Olvass tov\\u00e1bb\",\"news_load_more_text\":\"Load More\",\"news_publisher_name\":\"Name of the publisher\",\"business_filters_all_text\":\"All\",\"business_cat_meta_term_divider\":\"|\",\"business_tag_meta_term_divider\":\"|\",\"business_term_divider\":\"|\",\"business_cta_text\":\"Read More \\u2192\",\"business_load_more_text\":\"Load More\",\"business_publisher_name\":\"Name of the publisher\",\"business_writtenby_text\":\"Written by\",\"display_condition_list\":[{\"display_condition_login_status\":\"subscriber\",\"_id\":\"a0a749c\"}],\"__globals__\":{\"news_term_bg_color\":\"globals\\\/colors?id=4646cf5\",\"news_cta_background_color\":\"globals\\\/colors?id=70d7a1b\",\"news_cta_color\":\"globals\\\/colors?id=4646cf5\",\"news_blog_bg_color\":\"\"},\"news_alignment\":\"left\",\"news_blog_bg_color\":\"#FFFFFF\",\"news_term_bg_color\":\"#996633\",\"news_cta_color\":\"#996633\",\"news_cta_background_color\":\"#FBF4DE\",\"news_image_position\":\"right\",\"news_image_size\":\"large\",\"news_thumbnail_img_ratio_size\":{\"unit\":\"px\",\"size\":0.26,\"sizes\":[]},\"news_image_scale_hover\":{\"unit\":\"px\",\"size\":1,\"sizes\":[]}},\"elements\":[],\"widgetType\":\"uael-posts\"}],\"isInner\":false},{\"id\":\"7d10bea\",\"elType\":\"container\",\"settings\":{\"flex_direction\":\"column\",\"jet_parallax_layout_list\":[]},\"elements\":[{\"id\":\"e8ba458\",\"elType\":\"container\",\"settings\":{\"jet_parallax_layout_list\":[]},\"elements\":[],\"isInner\":true}],\"isInner\":false}]","_elementor_page_assets":{"styles":["widget-heading","widget-spacer"],"scripts":["imagesloaded","uael-slick","uael-isotope","uael-posts","uael-element-resize"]},"_yoast_wpseo_content_score":"90","_elementor_css":{"time":1775305050,"fonts":[],"icons":[""],"dynamic_elements_ids":["20f7be2"],"status":"file","0":""},"_elementor_page_settings":null,"_elementor_source":null,"_elementor_conditions":null,"_elementor_screenshot":null,"Ivara":null,"kora":null,"sz\u00edne":null,"ivartalanitott":null,"magasaga":null,"kutya_szama":null,"nemet leiras":null,"_thumbnail_id":null,"nemet_bemutato":null,"yoast_head":"<!-- This site is optimized with the Yoast SEO Premium plugin v22.6 (Yoast SEO v22.6) - https:\/\/yoast.com\/wordpress\/plugins\/seo\/ -->\n<title>Szolg\u00e1ltat\u00e1sok - \u00c1llatv\u00e9delmi-centrum<\/title>\n<meta name=\"robots\" content=\"index, follow, max-snippet:-1, max-image-preview:large, max-video-preview:-1\" \/>\n<link rel=\"canonical\" href=\"https:\/\/allatvedelmi-centrum.hu\/de\/elementor-918\/\" \/>\n<meta property=\"og:locale\" content=\"de_DE\" \/>\n<meta property=\"og:type\" content=\"article\" \/>\n<meta property=\"og:title\" content=\"Szolg\u00e1ltat\u00e1sok\" \/>\n<meta property=\"og:description\" content=\"Viselked\u00e9si Ter\u00e1pia Olvass tov\u00e1bb Panzi\u00f3 Olvass tov\u00e1bb Eg\u00e9szs\u00e9g\u00fcgyi tan\u00e1csad\u00e1s Olvass tov\u00e1bb Kozmetika Olvass tov\u00e1bb Kutya Iskola Olvass tov\u00e1bb\" \/>\n<meta property=\"og:url\" content=\"https:\/\/allatvedelmi-centrum.hu\/de\/elementor-918\/\" \/>\n<meta property=\"og:site_name\" content=\"\u00c1llatv\u00e9delmi-centrum\" \/>\n<meta property=\"article:modified_time\" content=\"2023-11-16T17:00:10+00:00\" \/>\n<meta name=\"twitter:card\" content=\"summary_large_image\" \/>\n<meta name=\"twitter:label1\" content=\"Gesch\u00e4tzte Lesezeit\" \/>\n\t<meta name=\"twitter:data1\" content=\"1 Minute\" \/>\n<script type=\"application\/ld+json\" class=\"yoast-schema-graph\">{\"@context\":\"https:\/\/schema.org\",\"@graph\":[{\"@type\":\"WebPage\",\"@id\":\"https:\/\/allatvedelmi-centrum.hu\/elementor-918\/\",\"url\":\"https:\/\/allatvedelmi-centrum.hu\/elementor-918\/\",\"name\":\"Szolg\u00e1ltat\u00e1sok - \u00c1llatv\u00e9delmi-centrum\",\"isPartOf\":{\"@id\":\"https:\/\/allatvedelmi-centrum.hu\/#website\"},\"datePublished\":\"2023-11-15T19:15:33+00:00\",\"dateModified\":\"2023-11-16T17:00:10+00:00\",\"breadcrumb\":{\"@id\":\"https:\/\/allatvedelmi-centrum.hu\/elementor-918\/#breadcrumb\"},\"inLanguage\":\"de-DE\",\"potentialAction\":[{\"@type\":\"ReadAction\",\"target\":[\"https:\/\/allatvedelmi-centrum.hu\/elementor-918\/\"]}]},{\"@type\":\"BreadcrumbList\",\"@id\":\"https:\/\/allatvedelmi-centrum.hu\/elementor-918\/#breadcrumb\",\"itemListElement\":[{\"@type\":\"ListItem\",\"position\":1,\"name\":\"Kezd\u0151lap\",\"item\":\"https:\/\/allatvedelmi-centrum.hu\/\"},{\"@type\":\"ListItem\",\"position\":2,\"name\":\"Szolg\u00e1ltat\u00e1sok\"}]},{\"@type\":\"WebSite\",\"@id\":\"https:\/\/allatvedelmi-centrum.hu\/#website\",\"url\":\"https:\/\/allatvedelmi-centrum.hu\/\",\"name\":\"\u00c1llatv\u00e9delmi-centrum\",\"description\":\"\",\"publisher\":{\"@id\":\"https:\/\/allatvedelmi-centrum.hu\/#organization\"},\"potentialAction\":[{\"@type\":\"SearchAction\",\"target\":{\"@type\":\"EntryPoint\",\"urlTemplate\":\"https:\/\/allatvedelmi-centrum.hu\/?s={search_term_string}\"},\"query-input\":\"required name=search_term_string\"}],\"inLanguage\":\"de-DE\"},{\"@type\":\"Organization\",\"@id\":\"https:\/\/allatvedelmi-centrum.hu\/#organization\",\"name\":\"\u00c1llatv\u00e9delmi-centrum\",\"url\":\"https:\/\/allatvedelmi-centrum.hu\/\",\"logo\":{\"@type\":\"ImageObject\",\"inLanguage\":\"de-DE\",\"@id\":\"https:\/\/allatvedelmi-centrum.hu\/#\/schema\/logo\/image\/\",\"url\":\"https:\/\/allatvedelmi-centrum.hu\/wp-content\/uploads\/2023\/10\/logo-x-1.jpg\",\"contentUrl\":\"https:\/\/allatvedelmi-centrum.hu\/wp-content\/uploads\/2023\/10\/logo-x-1.jpg\",\"width\":1701,\"height\":425,\"caption\":\"\u00c1llatv\u00e9delmi-centrum\"},\"image\":{\"@id\":\"https:\/\/allatvedelmi-centrum.hu\/#\/schema\/logo\/image\/\"}}]}<\/script>\n<!-- \/ Yoast SEO Premium plugin. -->","yoast_head_json":{"title":"Szolg\u00e1ltat\u00e1sok - \u00c1llatv\u00e9delmi-centrum","robots":{"index":"index","follow":"follow","max-snippet":"max-snippet:-1","max-image-preview":"max-image-preview:large","max-video-preview":"max-video-preview:-1"},"canonical":"https:\/\/allatvedelmi-centrum.hu\/de\/elementor-918\/","og_locale":"de_DE","og_type":"article","og_title":"Szolg\u00e1ltat\u00e1sok","og_description":"Viselked\u00e9si Ter\u00e1pia Olvass tov\u00e1bb Panzi\u00f3 Olvass tov\u00e1bb Eg\u00e9szs\u00e9g\u00fcgyi tan\u00e1csad\u00e1s Olvass tov\u00e1bb Kozmetika Olvass tov\u00e1bb Kutya Iskola Olvass tov\u00e1bb","og_url":"https:\/\/allatvedelmi-centrum.hu\/de\/elementor-918\/","og_site_name":"\u00c1llatv\u00e9delmi-centrum","article_modified_time":"2023-11-16T17:00:10+00:00","twitter_card":"summary_large_image","twitter_misc":{"Gesch\u00e4tzte Lesezeit":"1 Minute"},"schema":{"@context":"https:\/\/schema.org","@graph":[{"@type":"WebPage","@id":"https:\/\/allatvedelmi-centrum.hu\/elementor-918\/","url":"https:\/\/allatvedelmi-centrum.hu\/elementor-918\/","name":"Szolg\u00e1ltat\u00e1sok - \u00c1llatv\u00e9delmi-centrum","isPartOf":{"@id":"https:\/\/allatvedelmi-centrum.hu\/#website"},"datePublished":"2023-11-15T19:15:33+00:00","dateModified":"2023-11-16T17:00:10+00:00","breadcrumb":{"@id":"https:\/\/allatvedelmi-centrum.hu\/elementor-918\/#breadcrumb"},"inLanguage":"de-DE","potentialAction":[{"@type":"ReadAction","target":["https:\/\/allatvedelmi-centrum.hu\/elementor-918\/"]}]},{"@type":"BreadcrumbList","@id":"https:\/\/allatvedelmi-centrum.hu\/elementor-918\/#breadcrumb","itemListElement":[{"@type":"ListItem","position":1,"name":"Kezd\u0151lap","item":"https:\/\/allatvedelmi-centrum.hu\/"},{"@type":"ListItem","position":2,"name":"Szolg\u00e1ltat\u00e1sok"}]},{"@type":"WebSite","@id":"https:\/\/allatvedelmi-centrum.hu\/#website","url":"https:\/\/allatvedelmi-centrum.hu\/","name":"\u00c1llatv\u00e9delmi-centrum","description":"","publisher":{"@id":"https:\/\/allatvedelmi-centrum.hu\/#organization"},"potentialAction":[{"@type":"SearchAction","target":{"@type":"EntryPoint","urlTemplate":"https:\/\/allatvedelmi-centrum.hu\/?s={search_term_string}"},"query-input":"required name=search_term_string"}],"inLanguage":"de-DE"},{"@type":"Organization","@id":"https:\/\/allatvedelmi-centrum.hu\/#organization","name":"\u00c1llatv\u00e9delmi-centrum","url":"https:\/\/allatvedelmi-centrum.hu\/","logo":{"@type":"ImageObject","inLanguage":"de-DE","@id":"https:\/\/allatvedelmi-centrum.hu\/#\/schema\/logo\/image\/","url":"https:\/\/allatvedelmi-centrum.hu\/wp-content\/uploads\/2023\/10\/logo-x-1.jpg","contentUrl":"https:\/\/allatvedelmi-centrum.hu\/wp-content\/uploads\/2023\/10\/logo-x-1.jpg","width":1701,"height":425,"caption":"\u00c1llatv\u00e9delmi-centrum"},"image":{"@id":"https:\/\/allatvedelmi-centrum.hu\/#\/schema\/logo\/image\/"}}]}},"_links":{"self":[{"href":"https:\/\/allatvedelmi-centrum.hu\/de\/wp-json\/wp\/v2\/pages\/918"}],"collection":[{"href":"https:\/\/allatvedelmi-centrum.hu\/de\/wp-json\/wp\/v2\/pages"}],"about":[{"href":"https:\/\/allatvedelmi-centrum.hu\/de\/wp-json\/wp\/v2\/types\/page"}],"author":[{"embeddable":true,"href":"https:\/\/allatvedelmi-centrum.hu\/de\/wp-json\/wp\/v2\/users\/1"}],"replies":[{"embeddable":true,"href":"https:\/\/allatvedelmi-centrum.hu\/de\/wp-json\/wp\/v2\/comments?post=918"}],"version-history":[{"count":16,"href":"https:\/\/allatvedelmi-centrum.hu\/de\/wp-json\/wp\/v2\/pages\/918\/revisions"}],"predecessor-version":[{"id":1058,"href":"https:\/\/allatvedelmi-centrum.hu\/de\/wp-json\/wp\/v2\/pages\/918\/revisions\/1058"}],"wp:attachment":[{"href":"https:\/\/allatvedelmi-centrum.hu\/de\/wp-json\/wp\/v2\/media?parent=918"}],"curies":[{"name":"wp","href":"https:\/\/api.w.org\/{rel}","templated":true}]}}